{"id":52941,"date":"2015-07-28T11:13:12","date_gmt":"2015-07-28T15:13:12","guid":{"rendered":"https:\/\/www.lessence-ciel.com\/products-store\/purification-avec-la-sauge-individuelle\/"},"modified":"2022-09-01T15:10:17","modified_gmt":"2022-09-01T19:10:17","slug":"purification-avec-la-sauge-individuelle","status":"publish","type":"product","link":"https:\/\/www.lessence-ciel.com\/en\/products-store\/purification-avec-la-sauge-individuelle\/","title":{"rendered":"Purification avec la sauge individuelle"},"content":{"rendered":"<div class=\"the_content\">\n<p>Vous achetez le b\u00e2ton de sauge qui sera b\u00e9ni et utilis\u00e9 lors du rituel. Ce b\u00e2ton vous est remis afin que vous puissiez poursuivre votre d\u00e9marche par vous-m\u00eames.<\/p>\n<p>Lors de l&#8217;enseignement, nous offrons gratuitement une pierre d&#8217;h\u00e9matite tir\u00e9e du coffre \u00e0 Merlin et b\u00e9nie lors du solstice d&#8217;\u00e9t\u00e9. Cette pierre est utilis\u00e9e lors de la c\u00e9r\u00e9monie pour repr\u00e9senter l\u2019\u00e9l\u00e9ment terre et la gratitude que nous avons \u00e0 vous servir lors de votre d\u00e9marche. Votre pierre pourra vous accompagnez dans vos c\u00e9r\u00e9monies de purifications futures car celle-ci aura \u00e9t\u00e9 programm\u00e9e\/activ\u00e9e lors du rituel \u00e0 l\u2019Essence-Ciel.<\/p>\n<p>Vous partirez avec votre pierre, votre b\u00e2ton de sauge et un document \u00e9crit qui contient les liens dans le Portail de l\u2019Essence-Ciel vers les d\u00e9crets utilis\u00e9s lors de la c\u00e9r\u00e9monie ainsi que le rituel de purification avec la sauge.<\/p>\n<p>Ce service inclut:<\/p>\n<ul>\n<li>Centrage<\/li>\n<li>Pierre<\/li>\n<li>Invitations aux guides et anges accompagnateur<\/li>\n<li>Cons\u00e9cration des outils et du lieu utilis\u00e9s<\/li>\n<li>Fumigation de la personne<\/li>\n<li>Gratitudes et remerciement aux guides accompagnateurs et \u00e0 la personne consultante<\/li>\n<li>Parchemin r\u00e9capitulatif<\/li>\n<\/ul>\n<p>Ce service est offert au tarif consultation 30 min + achat b\u00e2ton de sauge.<\/p>\n<\/div>\n","protected":false},"excerpt":{"rendered":"<p>Vous achetez le b\u00e2ton de sauge qui sera b\u00e9ni et utilis\u00e9 lors du rituel. Ce b\u00e2ton vous est remis afin que vous puissiez poursuivre votre d\u00e9marche par vous-m\u00eames. Lors de l&#8217;enseignement, nous offrons gratuitement une pierre d&#8217;h\u00e9matite tir\u00e9e du coffre \u00e0 Merlin et b\u00e9nie lors du solstice d&#8217;\u00e9t\u00e9. Cette pierre [&hellip;]<\/p>\n","protected":false},"featured_media":0,"template":"","meta":{"_acf_changed":false,"wds_primary_classe-produit":0,"wds_primary_categories-produits":0,"wds_primary_thematique":0,"wds_primary_product_brand":0,"wds_primary_product_cat":0},"classe-produit":[1111,386],"categories-produits":[],"thematique":[],"product_brand":[],"class_list":{"0":"post-52941","1":"product","2":"type-product","3":"status-publish","5":"classe-produit-a-aire-ouverte-en","6":"classe-produit-events","8":"first","9":"instock","10":"taxable","11":"shipping-taxable","12":"purchasable","13":"product-type-simple"},"acf":{"modele_type":"blog","modele_email":"single","acf-general_shortdesc":"","modele_single":{"lead_magnet":"","lead_click":"","post_hasvideo":"no","video_associee":{"post_video":"","description_video":"","thumb_video":null}},"modele_default":{"desc":"","lead_click":"Clique ici pour plus d'information"},"modele_hook":{"image_height":null,"lead_magnet":"","key_phase":"","desc":"","lead_click":"Clique ici pour plus d'information"},"modele_bullets":{"image_height":null,"bullets":null,"lead_click":"Clique ici pour plus d'information"}},"_links":{"self":[{"href":"https:\/\/www.lessence-ciel.com\/en\/wp-json\/wp\/v2\/product\/52941","targetHints":{"allow":["GET"]}}],"collection":[{"href":"https:\/\/www.lessence-ciel.com\/en\/wp-json\/wp\/v2\/product"}],"about":[{"href":"https:\/\/www.lessence-ciel.com\/en\/wp-json\/wp\/v2\/types\/product"}],"wp:attachment":[{"href":"https:\/\/www.lessence-ciel.com\/en\/wp-json\/wp\/v2\/media?parent=52941"}],"wp:term":[{"taxonomy":"classe-produit","embeddable":true,"href":"https:\/\/www.lessence-ciel.com\/en\/wp-json\/wp\/v2\/classe-produit?post=52941"},{"taxonomy":"categories-produits","embeddable":true,"href":"https:\/\/www.lessence-ciel.com\/en\/wp-json\/wp\/v2\/categories-produits?post=52941"},{"taxonomy":"thematique","embeddable":true,"href":"https:\/\/www.lessence-ciel.com\/en\/wp-json\/wp\/v2\/thematique?post=52941"},{"taxonomy":"product_brand","embeddable":true,"href":"https:\/\/www.lessence-ciel.com\/en\/wp-json\/wp\/v2\/product_brand?post=52941"}],"curies":[{"name":"wp","href":"https:\/\/api.w.org\/{rel}","templated":true}]}}