{"id":52942,"date":"2015-07-26T12:44:13","date_gmt":"2015-07-26T16:44:13","guid":{"rendered":"https:\/\/www.lessence-ciel.com\/products-store\/anges-cherubin-cartes-pour-parents-et-enfants\/"},"modified":"2015-07-26T12:44:13","modified_gmt":"2015-07-26T16:44:13","slug":"anges-cherubin-cartes-pour-parents-et-enfants","status":"publish","type":"product","link":"https:\/\/www.lessence-ciel.com\/en\/products-store\/anges-cherubin-cartes-pour-parents-et-enfants\/","title":{"rendered":"Anges Cherubin : cartes pour parents et enfants"},"content":{"rendered":"<p>Doreen Virtue<\/p>\n<p>Petites cartes pour parents et enfants: Anges ch\u00e9rubins Gr\u00e2ce \u00e0 leurs coeurs et leurs esprits purs et ouverts, les enfants peuvent sans effort entrer en contact avec leurs anges gardiens. Chacune des 44 cartes de ce jeu unique est facile \u00e0 lire et tient entre de petites mains. Le guide d&#8217;accompagnement, pleine grandeur, a \u00e9t\u00e9 sp\u00e9cialement con\u00e7u pour les parents et leurs enfants. Il offre une approche efficace, non confessionnelle et positive afin de discuter avec vos enfants de la fa\u00e7on dont les anges de Dieu nous prot\u00e8gent et nous guident tous. Vous pouvez faire des lectures ensemble et ainsi vous rapprocher encore plus au cours de votre cheminement spirituel. Doreen Virtue s&#8217;est assur\u00e9e que ces messages et ces ravissantes images soient appropri\u00e9s aux enfants de tous \u00e2ges et qu&#8217;ils r\u00e9pondent \u00e0 leurs pr\u00e9occupations de la vie quotidienne.<\/p>\n","protected":false},"excerpt":{"rendered":"<p>Doreen Virtue Petites cartes pour parents et enfants: Anges ch\u00e9rubins Gr\u00e2ce \u00e0 leurs coeurs et leurs esprits purs et ouverts, les enfants peuvent sans effort entrer en contact avec leurs anges gardiens. Chacune des 44 cartes de ce jeu unique est facile \u00e0 lire et tient entre de petites mains. [&hellip;]<\/p>\n","protected":false},"featured_media":42423,"template":"","meta":{"_acf_changed":false,"wds_primary_classe-produit":0,"wds_primary_categories-produits":0,"wds_primary_thematique":0,"wds_primary_product_brand":0,"wds_primary_product_cat":0},"classe-produit":[380,366],"categories-produits":[],"thematique":[913,533,921],"product_brand":[],"class_list":{"0":"post-52942","1":"product","2":"type-product","3":"status-publish","4":"has-post-thumbnail","6":"classe-produit-oracles-en","7":"classe-produit-visionary-tools","8":"thematique-divination-oracles","9":"thematique-minds-sanctuary","10":"thematique-runes-numerology-oracles","12":"first","13":"instock","14":"taxable","15":"shipping-taxable","16":"purchasable","17":"product-type-simple"},"acf":{"modele_type":"blog","modele_email":"single","acf-general_shortdesc":"","modele_single":{"lead_magnet":"","lead_click":"","post_hasvideo":"no","video_associee":{"post_video":"","description_video":"","thumb_video":null}},"modele_default":{"desc":"","lead_click":"Clique ici pour plus d'information"},"modele_hook":{"image_height":null,"lead_magnet":"","key_phase":"","desc":"","lead_click":"Clique ici pour plus d'information"},"modele_bullets":{"image_height":null,"bullets":null,"lead_click":"Clique ici pour plus d'information"}},"_links":{"self":[{"href":"https:\/\/www.lessence-ciel.com\/en\/wp-json\/wp\/v2\/product\/52942","targetHints":{"allow":["GET"]}}],"collection":[{"href":"https:\/\/www.lessence-ciel.com\/en\/wp-json\/wp\/v2\/product"}],"about":[{"href":"https:\/\/www.lessence-ciel.com\/en\/wp-json\/wp\/v2\/types\/product"}],"wp:featuredmedia":[{"embeddable":true,"href":"https:\/\/www.lessence-ciel.com\/en\/wp-json\/wp\/v2\/media\/42423"}],"wp:attachment":[{"href":"https:\/\/www.lessence-ciel.com\/en\/wp-json\/wp\/v2\/media?parent=52942"}],"wp:term":[{"taxonomy":"classe-produit","embeddable":true,"href":"https:\/\/www.lessence-ciel.com\/en\/wp-json\/wp\/v2\/classe-produit?post=52942"},{"taxonomy":"categories-produits","embeddable":true,"href":"https:\/\/www.lessence-ciel.com\/en\/wp-json\/wp\/v2\/categories-produits?post=52942"},{"taxonomy":"thematique","embeddable":true,"href":"https:\/\/www.lessence-ciel.com\/en\/wp-json\/wp\/v2\/thematique?post=52942"},{"taxonomy":"product_brand","embeddable":true,"href":"https:\/\/www.lessence-ciel.com\/en\/wp-json\/wp\/v2\/product_brand?post=52942"}],"curies":[{"name":"wp","href":"https:\/\/api.w.org\/{rel}","templated":true}]}}