{"id":52943,"date":"2015-07-26T11:14:06","date_gmt":"2015-07-26T15:14:06","guid":{"rendered":"https:\/\/www.lessence-ciel.com\/products-store\/les-cartes-de-lascension\/"},"modified":"2015-07-26T11:14:06","modified_gmt":"2015-07-26T15:14:06","slug":"les-cartes-de-lascension","status":"publish","type":"product","link":"https:\/\/www.lessence-ciel.com\/en\/products-store\/les-cartes-de-lascension\/","title":{"rendered":"Les cartes de l&#8217;ascension"},"content":{"rendered":"<p>Diana Cooper<\/p>\n<p>Jamais l&#8217;appel pour nous engager activement \u00e0 \u00e9lever nos vibrations afin de soutenir l&#8217;humanit\u00e9 et la Terre ne s&#8217;est fait entendre plus fort et plus clairement. Les cartes de l&#8217;ascension de Diana Cooper sont con\u00e7ues pour aider ceux qui cherchent \u00e0 entreprendre ou \u00e0 acc\u00e9l\u00e9rer leur p\u00e9riple vers la lumi\u00e8re. Chacune des 52 cartes offre la description d&#8217;une \u00e9nergie d&#8217;ascension sp\u00e9cifique ou d&#8217;un ma\u00eetre ascensionn\u00e9, de la guidance quant \u00e0 son utilisation, et une affirmation afin de faciliter l&#8217;assimilation de la sagesse. Avec elles, les individus et les groupes seront en mesure de travailler avec la flamme violette de la transformation or et argent, ainsi que d&#8217;\u00e9lever l&#8217;\u00e9nergie en eux-m\u00eames et chez les autres, appeler \u00e0 eux l&#8217;amour inconditionnel et attirer les \u00e9l\u00e9ments afin d&#8217;apporter l&#8217;espoir, la paix et l&#8217;amour au monde.<\/p>\n","protected":false},"excerpt":{"rendered":"<p>Diana Cooper Jamais l&#8217;appel pour nous engager activement \u00e0 \u00e9lever nos vibrations afin de soutenir l&#8217;humanit\u00e9 et la Terre ne s&#8217;est fait entendre plus fort et plus clairement. Les cartes de l&#8217;ascension de Diana Cooper sont con\u00e7ues pour aider ceux qui cherchent \u00e0 entreprendre ou \u00e0 acc\u00e9l\u00e9rer leur p\u00e9riple vers [&hellip;]<\/p>\n","protected":false},"featured_media":42420,"template":"","meta":{"_acf_changed":false,"wds_primary_classe-produit":0,"wds_primary_categories-produits":0,"wds_primary_thematique":0,"wds_primary_product_brand":0,"wds_primary_product_cat":0},"classe-produit":[380,366],"categories-produits":[],"thematique":[913,533,921],"product_brand":[],"class_list":{"0":"post-52943","1":"product","2":"type-product","3":"status-publish","4":"has-post-thumbnail","6":"classe-produit-oracles-en","7":"classe-produit-visionary-tools","8":"thematique-divination-oracles","9":"thematique-minds-sanctuary","10":"thematique-runes-numerology-oracles","12":"first","13":"instock","14":"taxable","15":"shipping-taxable","16":"purchasable","17":"product-type-simple"},"acf":{"modele_type":"blog","modele_email":"single","acf-general_shortdesc":"","modele_single":{"lead_magnet":"","lead_click":"","post_hasvideo":"no","video_associee":{"post_video":"","description_video":"","thumb_video":null}},"modele_default":{"desc":"","lead_click":"Clique ici pour plus d'information"},"modele_hook":{"image_height":null,"lead_magnet":"","key_phase":"","desc":"","lead_click":"Clique ici pour plus d'information"},"modele_bullets":{"image_height":null,"bullets":null,"lead_click":"Clique ici pour plus d'information"}},"_links":{"self":[{"href":"https:\/\/www.lessence-ciel.com\/en\/wp-json\/wp\/v2\/product\/52943","targetHints":{"allow":["GET"]}}],"collection":[{"href":"https:\/\/www.lessence-ciel.com\/en\/wp-json\/wp\/v2\/product"}],"about":[{"href":"https:\/\/www.lessence-ciel.com\/en\/wp-json\/wp\/v2\/types\/product"}],"wp:featuredmedia":[{"embeddable":true,"href":"https:\/\/www.lessence-ciel.com\/en\/wp-json\/wp\/v2\/media\/42420"}],"wp:attachment":[{"href":"https:\/\/www.lessence-ciel.com\/en\/wp-json\/wp\/v2\/media?parent=52943"}],"wp:term":[{"taxonomy":"classe-produit","embeddable":true,"href":"https:\/\/www.lessence-ciel.com\/en\/wp-json\/wp\/v2\/classe-produit?post=52943"},{"taxonomy":"categories-produits","embeddable":true,"href":"https:\/\/www.lessence-ciel.com\/en\/wp-json\/wp\/v2\/categories-produits?post=52943"},{"taxonomy":"thematique","embeddable":true,"href":"https:\/\/www.lessence-ciel.com\/en\/wp-json\/wp\/v2\/thematique?post=52943"},{"taxonomy":"product_brand","embeddable":true,"href":"https:\/\/www.lessence-ciel.com\/en\/wp-json\/wp\/v2\/product_brand?post=52943"}],"curies":[{"name":"wp","href":"https:\/\/api.w.org\/{rel}","templated":true}]}}