{"id":52983,"date":"2015-07-13T16:11:47","date_gmt":"2015-07-13T20:11:47","guid":{"rendered":"https:\/\/www.lessence-ciel.com\/products-store\/tarot-dore\/"},"modified":"2019-05-24T16:21:06","modified_gmt":"2019-05-24T20:21:06","slug":"tarot-dore","status":"publish","type":"product","link":"https:\/\/www.lessence-ciel.com\/en\/products-store\/tarot-dore\/","title":{"rendered":"Tarot dor\u00e9"},"content":{"rendered":"<div class=\"author\"><a href=\"http:\/\/www.ada-inc.com\/auteurs\/barbara-moore.html\">Barbara Moore<\/a><\/div>\n<div class=\"author\"><a href=\"http:\/\/www.ada-inc.com\/auteurs\/ciro-marchetti.html\">Ciro Marchetti<\/a><\/div>\n<p>Le guide pratique du tarot Dor\u00e9 constitue votre code d&#8217;acc\u00e8s aux images enchanteresses et \u00e0 la sagesse intemporelle contenues dans ce tarot visionnaire. Dans un premier temps, l&#8217;illustrateur Ciro Marchetti vous livre ses r\u00e9flexions sur le processus cr\u00e9ateur qui a donn\u00e9 naissance \u00e0 ces magnifiques cartes. Ce guide pratique vous apprendra \u00e0 tirer un enseignement intuitif des magnifiques et tr\u00e8s personnelles illustrations du tarot Dor\u00e9, qui reprennent en les enrichissant les th\u00e8mes intemporels de cet art divinatoire qu&#8217;est le tarot.<\/p>\n","protected":false},"excerpt":{"rendered":"<p>Barbara Moore Ciro Marchetti Le guide pratique du tarot Dor\u00e9 constitue votre code d&#8217;acc\u00e8s aux images enchanteresses et \u00e0 la sagesse intemporelle contenues dans ce tarot visionnaire. Dans un premier temps, l&#8217;illustrateur Ciro Marchetti vous livre ses r\u00e9flexions sur le processus cr\u00e9ateur qui a donn\u00e9 naissance \u00e0 ces magnifiques cartes. [&hellip;]<\/p>\n","protected":false},"featured_media":42247,"template":"","meta":{"_acf_changed":false,"wds_primary_classe-produit":0,"wds_primary_categories-produits":0,"wds_primary_thematique":0,"wds_primary_product_brand":0,"wds_primary_product_cat":0},"classe-produit":[374,366],"categories-produits":[],"thematique":[913,533,921],"product_brand":[],"class_list":{"0":"post-52983","1":"product","2":"type-product","3":"status-publish","4":"has-post-thumbnail","6":"classe-produit-tarots","7":"classe-produit-visionary-tools","8":"thematique-divination-oracles","9":"thematique-minds-sanctuary","10":"thematique-runes-numerology-oracles","12":"first","13":"instock","14":"taxable","15":"shipping-taxable","16":"purchasable","17":"product-type-simple"},"acf":{"modele_type":"blog","modele_email":"single","acf-general_shortdesc":"","modele_single":{"lead_magnet":"","lead_click":"","post_hasvideo":"no","video_associee":{"post_video":"","description_video":"","thumb_video":null}},"modele_default":{"desc":"","lead_click":"Clique ici pour plus d'information"},"modele_hook":{"image_height":null,"lead_magnet":"","key_phase":"","desc":"","lead_click":"Clique ici pour plus d'information"},"modele_bullets":{"image_height":null,"bullets":null,"lead_click":"Clique ici pour plus d'information"}},"_links":{"self":[{"href":"https:\/\/www.lessence-ciel.com\/en\/wp-json\/wp\/v2\/product\/52983","targetHints":{"allow":["GET"]}}],"collection":[{"href":"https:\/\/www.lessence-ciel.com\/en\/wp-json\/wp\/v2\/product"}],"about":[{"href":"https:\/\/www.lessence-ciel.com\/en\/wp-json\/wp\/v2\/types\/product"}],"wp:featuredmedia":[{"embeddable":true,"href":"https:\/\/www.lessence-ciel.com\/en\/wp-json\/wp\/v2\/media\/42247"}],"wp:attachment":[{"href":"https:\/\/www.lessence-ciel.com\/en\/wp-json\/wp\/v2\/media?parent=52983"}],"wp:term":[{"taxonomy":"classe-produit","embeddable":true,"href":"https:\/\/www.lessence-ciel.com\/en\/wp-json\/wp\/v2\/classe-produit?post=52983"},{"taxonomy":"categories-produits","embeddable":true,"href":"https:\/\/www.lessence-ciel.com\/en\/wp-json\/wp\/v2\/categories-produits?post=52983"},{"taxonomy":"thematique","embeddable":true,"href":"https:\/\/www.lessence-ciel.com\/en\/wp-json\/wp\/v2\/thematique?post=52983"},{"taxonomy":"product_brand","embeddable":true,"href":"https:\/\/www.lessence-ciel.com\/en\/wp-json\/wp\/v2\/product_brand?post=52983"}],"curies":[{"name":"wp","href":"https:\/\/api.w.org\/{rel}","templated":true}]}}