{"id":52984,"date":"2015-07-13T15:06:57","date_gmt":"2015-07-13T19:06:57","guid":{"rendered":"https:\/\/www.lessence-ciel.com\/products-store\/oracle-des-celtes-4\/"},"modified":"2019-05-24T16:29:05","modified_gmt":"2019-05-24T20:29:05","slug":"oracle-des-celtes-4","status":"publish","type":"product","link":"https:\/\/www.lessence-ciel.com\/en\/products-store\/oracle-des-celtes-4\/","title":{"rendered":"Oracle des celtes"},"content":{"rendered":"<p>Cr\u00e9e par Caitl\u00edn Matthews, figure d&#8217;autorit\u00e9 dans le domaine de la spiritualit\u00e9 celte, et magnifiquement illustr\u00e9 d&#8217;images refl\u00e9tant la tradition celtique. Ce jeu de cartes et le livre d&#8217;accompagnement vous permettront d&#8217;avoir acc\u00e8s \u00e0 de nouvelles connaissances relatives \u00e0 votre pass\u00e9,votre pr\u00e9sent et votre avenir.<\/p>\n","protected":false},"excerpt":{"rendered":"<p>Cr\u00e9e par Caitl\u00edn Matthews, figure d&#8217;autorit\u00e9 dans le domaine de la spiritualit\u00e9 celte, et magnifiquement illustr\u00e9 d&#8217;images refl\u00e9tant la tradition celtique. Ce jeu de cartes et le livre d&#8217;accompagnement vous permettront d&#8217;avoir acc\u00e8s \u00e0 de nouvelles connaissances relatives \u00e0 votre pass\u00e9,votre pr\u00e9sent et votre avenir.<\/p>\n","protected":false},"featured_media":42231,"template":"","meta":{"_acf_changed":false,"wds_primary_classe-produit":0,"wds_primary_categories-produits":0,"wds_primary_thematique":0,"wds_primary_product_brand":0,"wds_primary_product_cat":0},"classe-produit":[380,366],"categories-produits":[],"thematique":[913,533,921],"product_brand":[],"class_list":{"0":"post-52984","1":"product","2":"type-product","3":"status-publish","4":"has-post-thumbnail","6":"classe-produit-oracles-en","7":"classe-produit-visionary-tools","8":"thematique-divination-oracles","9":"thematique-minds-sanctuary","10":"thematique-runes-numerology-oracles","12":"first","13":"instock","14":"taxable","15":"shipping-taxable","16":"purchasable","17":"product-type-simple"},"acf":{"modele_type":"blog","modele_email":"single","acf-general_shortdesc":"Caitlin Matthews\r\n","modele_single":{"lead_magnet":"","lead_click":"","post_hasvideo":"no","video_associee":{"post_video":"","description_video":"","thumb_video":null}},"modele_default":{"desc":"","lead_click":"Clique ici pour plus d'information"},"modele_hook":{"image_height":null,"lead_magnet":"","key_phase":"","desc":"","lead_click":"Clique ici pour plus d'information"},"modele_bullets":{"image_height":null,"bullets":null,"lead_click":"Clique ici pour plus d'information"}},"_links":{"self":[{"href":"https:\/\/www.lessence-ciel.com\/en\/wp-json\/wp\/v2\/product\/52984","targetHints":{"allow":["GET"]}}],"collection":[{"href":"https:\/\/www.lessence-ciel.com\/en\/wp-json\/wp\/v2\/product"}],"about":[{"href":"https:\/\/www.lessence-ciel.com\/en\/wp-json\/wp\/v2\/types\/product"}],"wp:featuredmedia":[{"embeddable":true,"href":"https:\/\/www.lessence-ciel.com\/en\/wp-json\/wp\/v2\/media\/42231"}],"wp:attachment":[{"href":"https:\/\/www.lessence-ciel.com\/en\/wp-json\/wp\/v2\/media?parent=52984"}],"wp:term":[{"taxonomy":"classe-produit","embeddable":true,"href":"https:\/\/www.lessence-ciel.com\/en\/wp-json\/wp\/v2\/classe-produit?post=52984"},{"taxonomy":"categories-produits","embeddable":true,"href":"https:\/\/www.lessence-ciel.com\/en\/wp-json\/wp\/v2\/categories-produits?post=52984"},{"taxonomy":"thematique","embeddable":true,"href":"https:\/\/www.lessence-ciel.com\/en\/wp-json\/wp\/v2\/thematique?post=52984"},{"taxonomy":"product_brand","embeddable":true,"href":"https:\/\/www.lessence-ciel.com\/en\/wp-json\/wp\/v2\/product_brand?post=52984"}],"curies":[{"name":"wp","href":"https:\/\/api.w.org\/{rel}","templated":true}]}}