{"id":53041,"date":"2015-07-06T11:56:42","date_gmt":"2015-07-06T15:56:42","guid":{"rendered":"https:\/\/www.lessence-ciel.com\/products-store\/le-why-cafe\/"},"modified":"2019-03-14T13:58:06","modified_gmt":"2019-03-14T17:58:06","slug":"le-why-cafe","status":"publish","type":"product","link":"https:\/\/www.lessence-ciel.com\/en\/products-store\/le-why-cafe\/","title":{"rendered":"Le Why Caf\u00e9"},"content":{"rendered":"<p>Pour fuir le stress et la pression au travail et dans la vie quotidienne, John prend la route pour quelques jours de vacances. Retard\u00e9 par un accident, il se voit contraint de modifier son itin\u00e9raire et d&#8217;emprunter un chemin inconnu et isol\u00e9 sur lequel il se perd. Contre toute attente, alors qu&#8217;il est sur le point de manquer d&#8217;essence et qu&#8217;il est affam\u00e9, il aboutit \u00e0 un caf\u00e9 au milieu de nulle part et dans lequel il fait la connaissance de trois personnes qui l&#8217;am\u00e8neront \u00e0 r\u00e9fl\u00e9chir sur la vie d&#8217;un point de vue diff\u00e9rent.<\/p>\n<p><em>Mais surtout, il d\u00e9couvre sur le menu du caf\u00e9 trois questions qui le porteront \u00e0 r\u00e9\u00e9valuer sa propre existence : Pourquoi \u00eates-vous ici? Craignez-vous la mort? \u00cates-vous pleinement \u00e9panoui?<\/em><\/p>\n<p>De discussion en discussion, de r\u00e9flexion en r\u00e9flexion, l&#8217;homme voit sa vision de la vie se transformer. Lorsqu&#8217;il quitte le caf\u00e9, tard dans la nuit, il sait qu&#8217;il ne sera plus jamais le m\u00eame homme et que sa vie vient de prendre un tournant majeur.<\/p>\n<p>Best seller international vendu \u00e0 plus de 300,000 exemplaires et traduit en 18 langues, Le Why caf\u00e9 est une histoire au sujet des occasions que l&#8217;on trouve \u00e0 la crois\u00e9e des chemins. Ce livre, v\u00e9ritable ph\u00e9nom\u00e8ne international de l&#8217;\u00e9dition, inspirera les lecteurs qui, dans la foul\u00e9e du personnage principal, partiront eux aussi \u00e0 la d\u00e9couverte d&#8217;eux-m\u00eames et transformeront leur propre existence.<\/p>\n<p style=\"text-align: center;\">Disponible en boutique ou <a href=\"https:\/\/www.amazon.ca\/gp\/product\/2894362277\/ref=as_li_tl?ie=UTF8&amp;camp=15121&amp;creative=330641&amp;creativeASIN=2894362277&amp;linkCode=as2&amp;tag=lessenceciel-20&amp;linkId=7b304478abe0a8a1ce3bf008d4a90a77\">cliquez sur le lien Amazon affili\u00e9 pour le commander en ligne\u00a0<\/a><\/p>\n","protected":false},"excerpt":{"rendered":"<p>Pour fuir le stress et la pression au travail et dans la vie quotidienne, John prend la route pour quelques jours de vacances. Retard\u00e9 par un accident, il se voit contraint de modifier son itin\u00e9raire et d&#8217;emprunter un chemin inconnu et isol\u00e9 sur lequel il se perd. Contre toute attente, [&hellip;]<\/p>\n","protected":false},"featured_media":64057,"template":"","meta":{"_acf_changed":false,"wds_primary_classe-produit":0,"wds_primary_categories-produits":0,"wds_primary_thematique":0,"wds_primary_product_brand":0,"wds_primary_product_cat":0},"classe-produit":[428,431],"categories-produits":[],"thematique":[690,524,696,692],"product_brand":[],"class_list":{"0":"post-53041","1":"product","2":"type-product","3":"status-publish","4":"has-post-thumbnail","6":"classe-produit-books","7":"classe-produit-library-books","8":"thematique-personal-growth","9":"thematique-souls-garden","10":"thematique-souls-expansion","11":"thematique-spiritual-renewal","13":"first","14":"instock","15":"taxable","16":"shipping-taxable","17":"purchasable","18":"product-type-simple"},"acf":{"modele_type":"blog","modele_email":"single","acf-general_shortdesc":"","modele_single":{"lead_magnet":"","lead_click":"","post_hasvideo":"no","video_associee":{"post_video":"","description_video":"","thumb_video":null}},"modele_default":{"desc":"","lead_click":"Clique ici pour plus d'information"},"modele_hook":{"image_height":null,"lead_magnet":"","key_phase":"","desc":"","lead_click":"Clique ici pour plus d'information"},"modele_bullets":{"image_height":null,"bullets":null,"lead_click":"Clique ici pour plus d'information"}},"_links":{"self":[{"href":"https:\/\/www.lessence-ciel.com\/en\/wp-json\/wp\/v2\/product\/53041","targetHints":{"allow":["GET"]}}],"collection":[{"href":"https:\/\/www.lessence-ciel.com\/en\/wp-json\/wp\/v2\/product"}],"about":[{"href":"https:\/\/www.lessence-ciel.com\/en\/wp-json\/wp\/v2\/types\/product"}],"wp:featuredmedia":[{"embeddable":true,"href":"https:\/\/www.lessence-ciel.com\/en\/wp-json\/wp\/v2\/media\/64057"}],"wp:attachment":[{"href":"https:\/\/www.lessence-ciel.com\/en\/wp-json\/wp\/v2\/media?parent=53041"}],"wp:term":[{"taxonomy":"classe-produit","embeddable":true,"href":"https:\/\/www.lessence-ciel.com\/en\/wp-json\/wp\/v2\/classe-produit?post=53041"},{"taxonomy":"categories-produits","embeddable":true,"href":"https:\/\/www.lessence-ciel.com\/en\/wp-json\/wp\/v2\/categories-produits?post=53041"},{"taxonomy":"thematique","embeddable":true,"href":"https:\/\/www.lessence-ciel.com\/en\/wp-json\/wp\/v2\/thematique?post=53041"},{"taxonomy":"product_brand","embeddable":true,"href":"https:\/\/www.lessence-ciel.com\/en\/wp-json\/wp\/v2\/product_brand?post=53041"}],"curies":[{"name":"wp","href":"https:\/\/api.w.org\/{rel}","templated":true}]}}