{"id":53104,"date":"2015-06-16T14:49:40","date_gmt":"2015-06-16T18:49:40","guid":{"rendered":"https:\/\/www.lessence-ciel.com\/products-store\/lumiere-de-guerison-2-2\/"},"modified":"2019-05-24T19:19:33","modified_gmt":"2019-05-24T23:19:33","slug":"lumiere-de-guerison-2","status":"publish","type":"product","link":"https:\/\/www.lessence-ciel.com\/en\/products-store\/lumiere-de-guerison-2\/","title":{"rendered":"Lumi\u00e8re de gu\u00e9rison"},"content":{"rendered":"<p>Cette m\u00e9ditation guid\u00e9e vous convie \u00e0 vivre un moment de gu\u00e9rison extraordinaire. Dans un premier temps, \u00e0 l&#8217;aide d&#8217;une respiration de plus en plus lente et profonde, vous serez dispos\u00e9 \u00e0 vous d\u00e9tendre et \u00e0 prendre conscience de votre corps et du moment pr\u00e9sent. Par la suite, vous serez invit\u00e9 \u00e0 cr\u00e9er votre espace de gu\u00e9rison absolue, un sanctuaire d&#8217;amour et de lumi\u00e8re iridescente qui contribuera \u00e0 nettoyer et purifier vos centres d&#8217;\u00e9nergies, vos chakras et vos corps subtils.<\/p>\n","protected":false},"excerpt":{"rendered":"<p>Cette m\u00e9ditation guid\u00e9e vous convie \u00e0 vivre un moment de gu\u00e9rison extraordinaire. Dans un premier temps, \u00e0 l&#8217;aide d&#8217;une respiration de plus en plus lente et profonde, vous serez dispos\u00e9 \u00e0 vous d\u00e9tendre et \u00e0 prendre conscience de votre corps et du moment pr\u00e9sent. Par la suite, vous serez invit\u00e9 [&hellip;]<\/p>\n","protected":false},"featured_media":64982,"template":"","meta":{"_acf_changed":false,"wds_primary_classe-produit":0,"wds_primary_categories-produits":0,"wds_primary_thematique":0,"wds_primary_product_brand":0,"wds_primary_product_cat":0},"classe-produit":[351,354],"categories-produits":[],"thematique":[529,800],"product_brand":[],"class_list":{"0":"post-53104","1":"product","2":"type-product","3":"status-publish","4":"has-post-thumbnail","6":"classe-produit-cd-en","7":"classe-produit-guided-meditation","8":"thematique-angels-world","9":"thematique-reiki-light-work","11":"first","12":"instock","13":"taxable","14":"shipping-taxable","15":"purchasable","16":"product-type-simple"},"acf":{"modele_type":"blog","modele_email":"single","acf-general_shortdesc":"","modele_single":{"lead_magnet":"","lead_click":"","post_hasvideo":"no","video_associee":{"post_video":"","description_video":"","thumb_video":null}},"modele_default":{"desc":"","lead_click":"Clique ici pour plus d'information"},"modele_hook":{"image_height":null,"lead_magnet":"","key_phase":"","desc":"","lead_click":"Clique ici pour plus d'information"},"modele_bullets":{"image_height":null,"bullets":null,"lead_click":"Clique ici pour plus d'information"}},"_links":{"self":[{"href":"https:\/\/www.lessence-ciel.com\/en\/wp-json\/wp\/v2\/product\/53104","targetHints":{"allow":["GET"]}}],"collection":[{"href":"https:\/\/www.lessence-ciel.com\/en\/wp-json\/wp\/v2\/product"}],"about":[{"href":"https:\/\/www.lessence-ciel.com\/en\/wp-json\/wp\/v2\/types\/product"}],"wp:featuredmedia":[{"embeddable":true,"href":"https:\/\/www.lessence-ciel.com\/en\/wp-json\/wp\/v2\/media\/64982"}],"wp:attachment":[{"href":"https:\/\/www.lessence-ciel.com\/en\/wp-json\/wp\/v2\/media?parent=53104"}],"wp:term":[{"taxonomy":"classe-produit","embeddable":true,"href":"https:\/\/www.lessence-ciel.com\/en\/wp-json\/wp\/v2\/classe-produit?post=53104"},{"taxonomy":"categories-produits","embeddable":true,"href":"https:\/\/www.lessence-ciel.com\/en\/wp-json\/wp\/v2\/categories-produits?post=53104"},{"taxonomy":"thematique","embeddable":true,"href":"https:\/\/www.lessence-ciel.com\/en\/wp-json\/wp\/v2\/thematique?post=53104"},{"taxonomy":"product_brand","embeddable":true,"href":"https:\/\/www.lessence-ciel.com\/en\/wp-json\/wp\/v2\/product_brand?post=53104"}],"curies":[{"name":"wp","href":"https:\/\/api.w.org\/{rel}","templated":true}]}}