{"id":53105,"date":"2015-06-16T14:44:02","date_gmt":"2015-06-16T18:44:02","guid":{"rendered":"https:\/\/www.lessence-ciel.com\/products-store\/visualisation-creatrice\/"},"modified":"2015-06-16T14:44:02","modified_gmt":"2015-06-16T18:44:02","slug":"visualisation-creatrice","status":"publish","type":"product","link":"https:\/\/www.lessence-ciel.com\/en\/products-store\/visualisation-creatrice\/","title":{"rendered":"Visualisation Cr\u00e9atrice"},"content":{"rendered":"<p>Imaginez et cr\u00e9ez d\u00e8s maintenant la vie dont vous r\u00eavez. Vous pouvez recourir \u00e0 la puissance de votre imagination pour cr\u00e9er ce que vous voulez dans votre vie. Fond\u00e9 sur les enseignements du best-seller de Shakti Gawain, &#8220;Techniques de visualisation cr\u00e9atrice&#8221;, ce livre audio d&#8217;une dur\u00e9e de soixante minutes offre de nombreux conseils et exercices pratiques qui vous aideront \u00e0 \u00e9veiller et \u00e0 d\u00e9ployer votre puissance cr\u00e9atrice.<\/p>\n","protected":false},"excerpt":{"rendered":"<p>Imaginez et cr\u00e9ez d\u00e8s maintenant la vie dont vous r\u00eavez. Vous pouvez recourir \u00e0 la puissance de votre imagination pour cr\u00e9er ce que vous voulez dans votre vie. Fond\u00e9 sur les enseignements du best-seller de Shakti Gawain, &#8220;Techniques de visualisation cr\u00e9atrice&#8221;, ce livre audio d&#8217;une dur\u00e9e de soixante minutes offre [&hellip;]<\/p>\n","protected":false},"featured_media":134179,"template":"","meta":{"_acf_changed":false,"wds_primary_classe-produit":0,"wds_primary_categories-produits":0,"wds_primary_thematique":0,"wds_primary_product_brand":0,"wds_primary_product_cat":0},"classe-produit":[351,354],"categories-produits":[],"thematique":[931,533],"product_brand":[],"class_list":{"0":"post-53105","1":"product","2":"type-product","3":"status-publish","4":"has-post-thumbnail","6":"classe-produit-cd-en","7":"classe-produit-guided-meditation","8":"thematique-intuition-psychic-development-mediums","9":"thematique-minds-sanctuary","11":"first","12":"instock","13":"taxable","14":"shipping-taxable","15":"purchasable","16":"product-type-simple"},"acf":{"modele_type":"blog","modele_email":"single","acf-general_shortdesc":"","modele_single":{"lead_magnet":"","lead_click":"","post_hasvideo":"no","video_associee":{"post_video":"","description_video":"","thumb_video":null}},"modele_default":{"desc":"","lead_click":"Clique ici pour plus d'information"},"modele_hook":{"image_height":null,"lead_magnet":"","key_phase":"","desc":"","lead_click":"Clique ici pour plus d'information"},"modele_bullets":{"image_height":null,"bullets":null,"lead_click":"Clique ici pour plus d'information"}},"_links":{"self":[{"href":"https:\/\/www.lessence-ciel.com\/en\/wp-json\/wp\/v2\/product\/53105","targetHints":{"allow":["GET"]}}],"collection":[{"href":"https:\/\/www.lessence-ciel.com\/en\/wp-json\/wp\/v2\/product"}],"about":[{"href":"https:\/\/www.lessence-ciel.com\/en\/wp-json\/wp\/v2\/types\/product"}],"wp:featuredmedia":[{"embeddable":true,"href":"https:\/\/www.lessence-ciel.com\/en\/wp-json\/wp\/v2\/media\/134179"}],"wp:attachment":[{"href":"https:\/\/www.lessence-ciel.com\/en\/wp-json\/wp\/v2\/media?parent=53105"}],"wp:term":[{"taxonomy":"classe-produit","embeddable":true,"href":"https:\/\/www.lessence-ciel.com\/en\/wp-json\/wp\/v2\/classe-produit?post=53105"},{"taxonomy":"categories-produits","embeddable":true,"href":"https:\/\/www.lessence-ciel.com\/en\/wp-json\/wp\/v2\/categories-produits?post=53105"},{"taxonomy":"thematique","embeddable":true,"href":"https:\/\/www.lessence-ciel.com\/en\/wp-json\/wp\/v2\/thematique?post=53105"},{"taxonomy":"product_brand","embeddable":true,"href":"https:\/\/www.lessence-ciel.com\/en\/wp-json\/wp\/v2\/product_brand?post=53105"}],"curies":[{"name":"wp","href":"https:\/\/api.w.org\/{rel}","templated":true}]}}