{"id":53106,"date":"2015-06-16T14:15:45","date_gmt":"2015-06-16T18:15:45","guid":{"rendered":"https:\/\/www.lessence-ciel.com\/products-store\/larchange-uriel\/"},"modified":"2015-06-16T14:15:45","modified_gmt":"2015-06-16T18:15:45","slug":"larchange-uriel","status":"publish","type":"product","link":"https:\/\/www.lessence-ciel.com\/en\/products-store\/larchange-uriel\/","title":{"rendered":"L&#8217;archange Uriel"},"content":{"rendered":"<p>Durant cette merveilleuse m\u00e9ditation, vous pourrez : entrer en contact avec l&#8217;archange Uriel ; vous lib\u00e9rer de vos peurs ; renouer avec votre sagesse la plus profonde ; trouver la paix int\u00e9rieure ; vous ouvrir \u00e0 de nouveaux commencements. Ecoutez-la tout simplement, ou utilisez-la comme guide, soit pour un travail individuel, soit dans le cadre d&#8217;un atelier de groupe.<\/p>\n","protected":false},"excerpt":{"rendered":"<p>Durant cette merveilleuse m\u00e9ditation, vous pourrez : entrer en contact avec l&#8217;archange Uriel ; vous lib\u00e9rer de vos peurs ; renouer avec votre sagesse la plus profonde ; trouver la paix int\u00e9rieure ; vous ouvrir \u00e0 de nouveaux commencements. Ecoutez-la tout simplement, ou utilisez-la comme guide, soit pour un travail [&hellip;]<\/p>\n","protected":false},"featured_media":134178,"template":"","meta":{"_acf_changed":false,"wds_primary_classe-produit":0,"wds_primary_categories-produits":0,"wds_primary_thematique":0,"wds_primary_product_brand":0,"wds_primary_product_cat":0},"classe-produit":[351,354],"categories-produits":[],"thematique":[529,745,751],"product_brand":[],"class_list":{"0":"post-53106","1":"product","2":"type-product","3":"status-publish","4":"has-post-thumbnail","6":"classe-produit-cd-en","7":"classe-produit-guided-meditation","8":"thematique-angels-world","9":"thematique-angels-archangels","10":"thematique-archangels","12":"first","13":"instock","14":"taxable","15":"shipping-taxable","16":"purchasable","17":"product-type-simple"},"acf":{"modele_type":"blog","modele_email":"single","acf-general_shortdesc":"","modele_single":{"lead_magnet":"","lead_click":"","post_hasvideo":"no","video_associee":{"post_video":"","description_video":"","thumb_video":null}},"modele_default":{"desc":"","lead_click":"Clique ici pour plus d'information"},"modele_hook":{"image_height":null,"lead_magnet":"","key_phase":"","desc":"","lead_click":"Clique ici pour plus d'information"},"modele_bullets":{"image_height":null,"bullets":null,"lead_click":"Clique ici pour plus d'information"}},"_links":{"self":[{"href":"https:\/\/www.lessence-ciel.com\/en\/wp-json\/wp\/v2\/product\/53106","targetHints":{"allow":["GET"]}}],"collection":[{"href":"https:\/\/www.lessence-ciel.com\/en\/wp-json\/wp\/v2\/product"}],"about":[{"href":"https:\/\/www.lessence-ciel.com\/en\/wp-json\/wp\/v2\/types\/product"}],"wp:featuredmedia":[{"embeddable":true,"href":"https:\/\/www.lessence-ciel.com\/en\/wp-json\/wp\/v2\/media\/134178"}],"wp:attachment":[{"href":"https:\/\/www.lessence-ciel.com\/en\/wp-json\/wp\/v2\/media?parent=53106"}],"wp:term":[{"taxonomy":"classe-produit","embeddable":true,"href":"https:\/\/www.lessence-ciel.com\/en\/wp-json\/wp\/v2\/classe-produit?post=53106"},{"taxonomy":"categories-produits","embeddable":true,"href":"https:\/\/www.lessence-ciel.com\/en\/wp-json\/wp\/v2\/categories-produits?post=53106"},{"taxonomy":"thematique","embeddable":true,"href":"https:\/\/www.lessence-ciel.com\/en\/wp-json\/wp\/v2\/thematique?post=53106"},{"taxonomy":"product_brand","embeddable":true,"href":"https:\/\/www.lessence-ciel.com\/en\/wp-json\/wp\/v2\/product_brand?post=53106"}],"curies":[{"name":"wp","href":"https:\/\/api.w.org\/{rel}","templated":true}]}}