{"id":53168,"date":"2015-05-19T11:41:34","date_gmt":"2015-05-19T15:41:34","guid":{"rendered":"https:\/\/www.lessence-ciel.com\/products-store\/les-douzes-couches-de-land\/"},"modified":"2015-05-19T11:41:34","modified_gmt":"2015-05-19T15:41:34","slug":"les-douzes-couches-de-land","status":"publish","type":"product","link":"https:\/\/www.lessence-ciel.com\/en\/products-store\/les-douzes-couches-de-land\/","title":{"rendered":"Les douzes couches de l&#8217;AND"},"content":{"rendered":"<p>Il a fallu trois ans pour r\u00e9diger ce livre unique en son genre et qui d\u00e9finira la lign\u00e9e de Kryeon s&#8217;\u00e9tendant sur plus de vingt ans. L&#8217;ADN est le plan directeur chimique de la vie humaine. Le Projet g\u00e9nome humain a cependant d\u00e9couvert que plus de quatre-vingt-dix pour cent de l\u2019ADN ne sont pas cod\u00e9s. Pour tout dire, seuls pr\u00e8s de quatre pour cent produisent les 23,000 g\u00e8nes dans le corps humain. Et le reste? C&#8217;est une \u00e9nigme imp\u00e9n\u00e9trable; \u00e0 ce jour, impossible de d\u00e9terminer pourquoi l&#8217;ADN ne semble avoir aucune sym\u00e9trie ni code. En v\u00e9rit\u00e9, il para\u00eet plut\u00f4t al\u00e9atoire.<br \/>\nKryeon nous offre une explication canalis\u00e9e sur ce myst\u00e8re, explication qui conduit directement \u00e0 l&#8217;univers quantique.<\/p>\n<p>Est-il possible que l&#8217;ADN ne soit constitu\u00e9 que d&#8217;instructions quantiques \u2013 de l&#8217;information qui s&#8217;adresse au corps? Et dans ce cas, que rec\u00e8lent ces instructions comportant plus de 2.7 milliards de substances chimiques par double h\u00e9lice d&#8217;ADN?<\/p>\n<p>Voici la r\u00e9v\u00e9lation compl\u00e8te des douze strates, ou \u00e9nergies d&#8217;ADN, accompagn\u00e9e d&#8217;illustrations en couleur canalis\u00e9es de chaque strate par l&#8217;artiste isra\u00e9lo-am\u00e9ricain Elan Dubro-Cohen. L&#8217;ADN porte-t-il vraiment l&#8217;enti\u00e8ret\u00e9 de nos annales akashiques? Que cache-t-il d&#8217;autre? Tout cela prend peu \u00e0 peu un sens, et les r\u00e9centes d\u00e9couvertes en physique quantique indiquent le potentiel de cette mol\u00e9cule quantique<\/p>\n","protected":false},"excerpt":{"rendered":"<p>Il a fallu trois ans pour r\u00e9diger ce livre unique en son genre et qui d\u00e9finira la lign\u00e9e de Kryeon s&#8217;\u00e9tendant sur plus de vingt ans. L&#8217;ADN est le plan directeur chimique de la vie humaine. Le Projet g\u00e9nome humain a cependant d\u00e9couvert que plus de quatre-vingt-dix pour cent de [&hellip;]<\/p>\n","protected":false},"featured_media":134170,"template":"","meta":{"_acf_changed":false,"wds_primary_classe-produit":0,"wds_primary_categories-produits":0,"wds_primary_thematique":0,"wds_primary_product_brand":0,"wds_primary_product_cat":0},"classe-produit":[428],"categories-produits":[],"thematique":[529,757,755],"product_brand":[],"class_list":{"0":"post-53168","1":"product","2":"type-product","3":"status-publish","4":"has-post-thumbnail","6":"classe-produit-books","7":"thematique-angels-world","8":"thematique-channeling","9":"thematique-spiritual-teaching","11":"first","12":"instock","13":"taxable","14":"shipping-taxable","15":"purchasable","16":"product-type-simple"},"acf":{"modele_type":"blog","modele_email":"single","acf-general_shortdesc":"","modele_single":{"lead_magnet":"","lead_click":"","post_hasvideo":"no","video_associee":{"post_video":"","description_video":"","thumb_video":null}},"modele_default":{"desc":"","lead_click":"Clique ici pour plus d'information"},"modele_hook":{"image_height":null,"lead_magnet":"","key_phase":"","desc":"","lead_click":"Clique ici pour plus d'information"},"modele_bullets":{"image_height":null,"bullets":null,"lead_click":"Clique ici pour plus d'information"}},"_links":{"self":[{"href":"https:\/\/www.lessence-ciel.com\/en\/wp-json\/wp\/v2\/product\/53168","targetHints":{"allow":["GET"]}}],"collection":[{"href":"https:\/\/www.lessence-ciel.com\/en\/wp-json\/wp\/v2\/product"}],"about":[{"href":"https:\/\/www.lessence-ciel.com\/en\/wp-json\/wp\/v2\/types\/product"}],"wp:featuredmedia":[{"embeddable":true,"href":"https:\/\/www.lessence-ciel.com\/en\/wp-json\/wp\/v2\/media\/134170"}],"wp:attachment":[{"href":"https:\/\/www.lessence-ciel.com\/en\/wp-json\/wp\/v2\/media?parent=53168"}],"wp:term":[{"taxonomy":"classe-produit","embeddable":true,"href":"https:\/\/www.lessence-ciel.com\/en\/wp-json\/wp\/v2\/classe-produit?post=53168"},{"taxonomy":"categories-produits","embeddable":true,"href":"https:\/\/www.lessence-ciel.com\/en\/wp-json\/wp\/v2\/categories-produits?post=53168"},{"taxonomy":"thematique","embeddable":true,"href":"https:\/\/www.lessence-ciel.com\/en\/wp-json\/wp\/v2\/thematique?post=53168"},{"taxonomy":"product_brand","embeddable":true,"href":"https:\/\/www.lessence-ciel.com\/en\/wp-json\/wp\/v2\/product_brand?post=53168"}],"curies":[{"name":"wp","href":"https:\/\/api.w.org\/{rel}","templated":true}]}}