{"id":53171,"date":"2015-05-18T14:31:06","date_gmt":"2015-05-18T18:31:06","guid":{"rendered":"https:\/\/www.lessence-ciel.com\/products-store\/le-cercle-de-grace\/"},"modified":"2015-05-18T14:31:06","modified_gmt":"2015-05-18T18:31:06","slug":"le-cercle-de-grace","status":"publish","type":"product","link":"https:\/\/www.lessence-ciel.com\/en\/products-store\/le-cercle-de-grace\/","title":{"rendered":"Le cercle  de gr\u00e2ce"},"content":{"rendered":"<p>Dans cet ouvrage, la Fraternit\u00e9 de Lumi\u00e8re de l&#8217;ordre de Melchizedek nous aide \u00e0 \u00ab grimper l&#8217;\u00e9chelle \u00bb vers les sph\u00e8res sup\u00e9rieures et parvenir au palier suivant de l&#8217;\u00e9volution.<\/p>\n<p>Salutations de la part de la Fraternit\u00e9 de Lumi\u00e8re de l&#8217;ordre de Melchis\u00e9dek. Nous nous manifestons au cours de votre temps pr\u00e9sent pour vous offrir le Cercle de Gr\u00e2ce ; un exercice qui vous aidera sur tous les plans. Tout en soulageant la douleur et le stress, il remplira votre corps d&#8217;une \u00e9nergie nouvelle. Ce processus se produit naturellement dans votre aura pendant votre sommeil &#8211; c&#8217;est ainsi que le corps humain se purifie. C&#8217;est le lien physique \u00e0 votre puissance divine.<\/p>\n<p>Avec l&#8217;ann\u00e9e 2005, vous \u00eates entr\u00e9s dans les huit derni\u00e8res ann\u00e9es de la grande Mutation. Ces ann\u00e9es de grandes transformations vous apporteront du changement sur tous les plans, car tous les vestiges \u00e9th\u00e9riques et physiques doivent \u00eatre \u00e9vacu\u00e9s. Le nettoyage doit \u00eatre complet. En v\u00e9rit\u00e9, ceux d&#8217;entre vous qui sont affect\u00e9s actuellement prennent de l&#8217;avance sur les autres. Vous mutez en premier !<\/p>\n<p>Nous vous offrons ici de vous soutenir dans ces \u00e9tapes sur la voie m\u00e9taphysique vers la Compl\u00e9tude, l&#8217;Unit\u00e9, jusqu&#8217;\u00e0 ce que vous retrouviez votre v\u00e9ritable identit\u00e9 au sein de Tout ce qui Est.<\/p>\n","protected":false},"excerpt":{"rendered":"<p>Dans cet ouvrage, la Fraternit\u00e9 de Lumi\u00e8re de l&#8217;ordre de Melchizedek nous aide \u00e0 \u00ab grimper l&#8217;\u00e9chelle \u00bb vers les sph\u00e8res sup\u00e9rieures et parvenir au palier suivant de l&#8217;\u00e9volution. Salutations de la part de la Fraternit\u00e9 de Lumi\u00e8re de l&#8217;ordre de Melchis\u00e9dek. Nous nous manifestons au cours de votre temps [&hellip;]<\/p>\n","protected":false},"featured_media":134169,"template":"","meta":{"_acf_changed":false,"wds_primary_classe-produit":0,"wds_primary_categories-produits":0,"wds_primary_thematique":0,"wds_primary_product_brand":0,"wds_primary_product_cat":0},"classe-produit":[428],"categories-produits":[],"thematique":[529,757,755],"product_brand":[],"class_list":{"0":"post-53171","1":"product","2":"type-product","3":"status-publish","4":"has-post-thumbnail","6":"classe-produit-books","7":"thematique-angels-world","8":"thematique-channeling","9":"thematique-spiritual-teaching","11":"first","12":"instock","13":"taxable","14":"shipping-taxable","15":"purchasable","16":"product-type-simple"},"acf":{"modele_type":"blog","modele_email":"single","acf-general_shortdesc":"","modele_single":{"lead_magnet":"","lead_click":"","post_hasvideo":"no","video_associee":{"post_video":"","description_video":"","thumb_video":null}},"modele_default":{"desc":"","lead_click":"Clique ici pour plus d'information"},"modele_hook":{"image_height":null,"lead_magnet":"","key_phase":"","desc":"","lead_click":"Clique ici pour plus d'information"},"modele_bullets":{"image_height":null,"bullets":null,"lead_click":"Clique ici pour plus d'information"}},"_links":{"self":[{"href":"https:\/\/www.lessence-ciel.com\/en\/wp-json\/wp\/v2\/product\/53171","targetHints":{"allow":["GET"]}}],"collection":[{"href":"https:\/\/www.lessence-ciel.com\/en\/wp-json\/wp\/v2\/product"}],"about":[{"href":"https:\/\/www.lessence-ciel.com\/en\/wp-json\/wp\/v2\/types\/product"}],"wp:featuredmedia":[{"embeddable":true,"href":"https:\/\/www.lessence-ciel.com\/en\/wp-json\/wp\/v2\/media\/134169"}],"wp:attachment":[{"href":"https:\/\/www.lessence-ciel.com\/en\/wp-json\/wp\/v2\/media?parent=53171"}],"wp:term":[{"taxonomy":"classe-produit","embeddable":true,"href":"https:\/\/www.lessence-ciel.com\/en\/wp-json\/wp\/v2\/classe-produit?post=53171"},{"taxonomy":"categories-produits","embeddable":true,"href":"https:\/\/www.lessence-ciel.com\/en\/wp-json\/wp\/v2\/categories-produits?post=53171"},{"taxonomy":"thematique","embeddable":true,"href":"https:\/\/www.lessence-ciel.com\/en\/wp-json\/wp\/v2\/thematique?post=53171"},{"taxonomy":"product_brand","embeddable":true,"href":"https:\/\/www.lessence-ciel.com\/en\/wp-json\/wp\/v2\/product_brand?post=53171"}],"curies":[{"name":"wp","href":"https:\/\/api.w.org\/{rel}","templated":true}]}}