{"id":53182,"date":"2015-05-10T15:28:49","date_gmt":"2015-05-10T19:28:49","guid":{"rendered":"https:\/\/www.lessence-ciel.com\/products-store\/la-bible-des-chakras-2\/"},"modified":"2019-04-13T14:13:58","modified_gmt":"2019-04-13T18:13:58","slug":"la-bible-des-chakras-2","status":"publish","type":"product","link":"https:\/\/www.lessence-ciel.com\/en\/products-store\/la-bible-des-chakras-2\/","title":{"rendered":"La Bible des Chakras"},"content":{"rendered":"<p>La bible des chakras explique tout ce que vous d\u00e9sirez savoir sur les chakras sans jamais avoir os\u00e9 le demander !<\/p>\n<p>Ajna, Manip\u00fbra, M\u00fbl\u00e2dh\u00e2ra\u2026 n\u2019auront d\u00e9sormais plus de secrets pour vous.<br \/>\nCe guide replace la science des chakras dans sa dimension traditionnelle et retrace sa gen\u00e8se aux travers des diff\u00e9rents courants spirituels et religieux.<\/p>\n<p>En plus de cette approche historique, une partie importante de &#8220;La bible des chakras &#8221; est consacr\u00e9e \u00e0<br \/>\nchacun des sept chakras principaux :<\/p>\n<p>\u2022 Sa signification symbolique<br \/>\n\u2022 Ses valeurs \u00e9sot\u00e9riques<br \/>\n\u2022 Les moyens de l\u2019\u00e9veiller : posture de yoga, m\u00e9ditation\u2026<br \/>\n\u2022 Ses relations avec les couleurs de l\u2019aura et les diff\u00e9rents corps subtils.<\/p>\n<p>Avec en prime, la d\u00e9couverte de nouveaux chakras et leurs influences, ce guide facile d\u2019acc\u00e8s, pr\u00e9cis, deviendra vite incontournable.<\/p>\n","protected":false},"excerpt":{"rendered":"<p>La bible des chakras explique tout ce que vous d\u00e9sirez savoir sur les chakras sans jamais avoir os\u00e9 le demander ! Ajna, Manip\u00fbra, M\u00fbl\u00e2dh\u00e2ra\u2026 n\u2019auront d\u00e9sormais plus de secrets pour vous. Ce guide replace la science des chakras dans sa dimension traditionnelle et retrace sa gen\u00e8se aux travers des diff\u00e9rents [&hellip;]<\/p>\n","protected":false},"featured_media":64390,"template":"","meta":{"_acf_changed":false,"wds_primary_classe-produit":0,"wds_primary_categories-produits":0,"wds_primary_thematique":0,"wds_primary_product_brand":0,"wds_primary_product_cat":0},"classe-produit":[428,431],"categories-produits":[],"thematique":[529,1206,800],"product_brand":[],"class_list":{"0":"post-53182","1":"product","2":"type-product","3":"status-publish","4":"has-post-thumbnail","6":"classe-produit-books","7":"classe-produit-library-books","8":"thematique-angels-world","9":"thematique-the-chakras","10":"thematique-reiki-light-work","12":"first","13":"instock","14":"taxable","15":"shipping-taxable","16":"purchasable","17":"product-type-simple"},"acf":{"modele_type":"blog","modele_email":"single","acf-general_shortdesc":"","modele_single":{"lead_magnet":"","lead_click":"","post_hasvideo":"no","video_associee":{"post_video":"","description_video":"","thumb_video":null}},"modele_default":{"desc":"","lead_click":"Clique ici pour plus d'information"},"modele_hook":{"image_height":null,"lead_magnet":"","key_phase":"","desc":"","lead_click":"Clique ici pour plus d'information"},"modele_bullets":{"image_height":null,"bullets":null,"lead_click":"Clique ici pour plus d'information"}},"_links":{"self":[{"href":"https:\/\/www.lessence-ciel.com\/en\/wp-json\/wp\/v2\/product\/53182","targetHints":{"allow":["GET"]}}],"collection":[{"href":"https:\/\/www.lessence-ciel.com\/en\/wp-json\/wp\/v2\/product"}],"about":[{"href":"https:\/\/www.lessence-ciel.com\/en\/wp-json\/wp\/v2\/types\/product"}],"wp:featuredmedia":[{"embeddable":true,"href":"https:\/\/www.lessence-ciel.com\/en\/wp-json\/wp\/v2\/media\/64390"}],"wp:attachment":[{"href":"https:\/\/www.lessence-ciel.com\/en\/wp-json\/wp\/v2\/media?parent=53182"}],"wp:term":[{"taxonomy":"classe-produit","embeddable":true,"href":"https:\/\/www.lessence-ciel.com\/en\/wp-json\/wp\/v2\/classe-produit?post=53182"},{"taxonomy":"categories-produits","embeddable":true,"href":"https:\/\/www.lessence-ciel.com\/en\/wp-json\/wp\/v2\/categories-produits?post=53182"},{"taxonomy":"thematique","embeddable":true,"href":"https:\/\/www.lessence-ciel.com\/en\/wp-json\/wp\/v2\/thematique?post=53182"},{"taxonomy":"product_brand","embeddable":true,"href":"https:\/\/www.lessence-ciel.com\/en\/wp-json\/wp\/v2\/product_brand?post=53182"}],"curies":[{"name":"wp","href":"https:\/\/api.w.org\/{rel}","templated":true}]}}