{"id":53200,"date":"2015-02-23T01:08:27","date_gmt":"2015-02-23T06:08:27","guid":{"rendered":"https:\/\/www.lessence-ciel.com\/products-store\/la-villa-des-miracles\/"},"modified":"2015-02-23T01:08:27","modified_gmt":"2015-02-23T06:08:27","slug":"la-villa-des-miracles","status":"publish","type":"product","link":"https:\/\/www.lessence-ciel.com\/en\/products-store\/la-villa-des-miracles\/","title":{"rendered":"La Villa des Miracles"},"content":{"rendered":"<p>Besoin d\u2019un miracle ? Il vous attend \u00e0 notre villa\u2026 Apr\u00e8s avoir vu sa vie \u00eatre boulevers\u00e9e par un \u00e9v\u00e9nement tragique, un homme r\u00e9pond \u00e0 une petite annonce publi\u00e9e dans un grand quotidien. D\u00e9bute alors pour lui une \u00e9trange aventure qui le conduit \u00e0 Hawa\u00ef o\u00f9, guid\u00e9 par un \u00e9tonnant personnage qui semble d\u00e9j\u00e0 le conna\u00eetre, il apprendra les rudiments et les secrets de la spiritualit\u00e9 hawa\u00efenne. Il fait l\u2019exp\u00e9rience des trois esprits en l\u2019homme (conscient, subconscient et supraconscient), des sept aspects fondamentaux de la Huna, de la m\u00e9thode ho\u2019oponopono et de quelques autres techniques qui non seulement transformeront sa vision de la vie mais lui permettront de comprendre la nature m\u00eame des miracles et d\u2019en r\u00e9aliser. Mais une telle puissance n\u2019est pas sans d\u00e9ranger certaines autorit\u00e9s qui, depuis longtemps, sont \u00e0 la recherche du m\u00eame pouvoir et tentent de r\u00e9duire au silence ceux qui le poss\u00e8dent d\u00e9j\u00e0.<\/p>\n<p>Au c\u0153ur m\u00eame de la tourmente qu\u2019il aura lui-m\u00eame provoqu\u00e9e involontairement, notre protagoniste fera des d\u00e9couvertes \u00e9tonnantes sur sa v\u00e9ritable nature et sur la mission qui l\u2019attend. Apr\u00e8s les succ\u00e8s de ses livres pr\u00e9c\u00e9dents, l\u2019auteur nous revient cette fois avec une histoire se d\u00e9roulant au c\u0153ur des paysages paradisiaques des \u00celes Hawa\u00ef dans laquelle se m\u00e9langent harmonieusement d\u00e9couvertes, connaissances, rebondissements et aventure.<\/p>\n","protected":false},"excerpt":{"rendered":"<p>Besoin d\u2019un miracle ? Il vous attend \u00e0 notre villa\u2026 Apr\u00e8s avoir vu sa vie \u00eatre boulevers\u00e9e par un \u00e9v\u00e9nement tragique, un homme r\u00e9pond \u00e0 une petite annonce publi\u00e9e dans un grand quotidien. D\u00e9bute alors pour lui une \u00e9trange aventure qui le conduit \u00e0 Hawa\u00ef o\u00f9, guid\u00e9 par un \u00e9tonnant [&hellip;]<\/p>\n","protected":false},"featured_media":51503,"template":"","meta":{"_acf_changed":false,"wds_primary_classe-produit":0,"wds_primary_categories-produits":0,"wds_primary_thematique":0,"wds_primary_product_brand":0,"wds_primary_product_cat":0},"classe-produit":[428,431],"categories-produits":[],"thematique":[925,931,533,690,524,692],"product_brand":[],"class_list":{"0":"post-53200","1":"product","2":"type-product","3":"status-publish","4":"has-post-thumbnail","6":"classe-produit-books","7":"classe-produit-library-books","8":"thematique-intent-manifestation","9":"thematique-intuition-psychic-development-mediums","10":"thematique-minds-sanctuary","11":"thematique-personal-growth","12":"thematique-souls-garden","13":"thematique-spiritual-renewal","15":"first","16":"instock","17":"taxable","18":"shipping-taxable","19":"purchasable","20":"product-type-simple"},"acf":{"modele_type":"blog","modele_email":"single","acf-general_shortdesc":"","modele_single":{"lead_magnet":"","lead_click":"","post_hasvideo":"no","video_associee":{"post_video":"","description_video":"","thumb_video":null}},"modele_default":{"desc":"","lead_click":"Clique ici pour plus d'information"},"modele_hook":{"image_height":null,"lead_magnet":"","key_phase":"","desc":"","lead_click":"Clique ici pour plus d'information"},"modele_bullets":{"image_height":null,"bullets":null,"lead_click":"Clique ici pour plus d'information"}},"_links":{"self":[{"href":"https:\/\/www.lessence-ciel.com\/en\/wp-json\/wp\/v2\/product\/53200","targetHints":{"allow":["GET"]}}],"collection":[{"href":"https:\/\/www.lessence-ciel.com\/en\/wp-json\/wp\/v2\/product"}],"about":[{"href":"https:\/\/www.lessence-ciel.com\/en\/wp-json\/wp\/v2\/types\/product"}],"wp:featuredmedia":[{"embeddable":true,"href":"https:\/\/www.lessence-ciel.com\/en\/wp-json\/wp\/v2\/media\/51503"}],"wp:attachment":[{"href":"https:\/\/www.lessence-ciel.com\/en\/wp-json\/wp\/v2\/media?parent=53200"}],"wp:term":[{"taxonomy":"classe-produit","embeddable":true,"href":"https:\/\/www.lessence-ciel.com\/en\/wp-json\/wp\/v2\/classe-produit?post=53200"},{"taxonomy":"categories-produits","embeddable":true,"href":"https:\/\/www.lessence-ciel.com\/en\/wp-json\/wp\/v2\/categories-produits?post=53200"},{"taxonomy":"thematique","embeddable":true,"href":"https:\/\/www.lessence-ciel.com\/en\/wp-json\/wp\/v2\/thematique?post=53200"},{"taxonomy":"product_brand","embeddable":true,"href":"https:\/\/www.lessence-ciel.com\/en\/wp-json\/wp\/v2\/product_brand?post=53200"}],"curies":[{"name":"wp","href":"https:\/\/api.w.org\/{rel}","templated":true}]}}