{"id":53299,"date":"2015-02-23T01:06:28","date_gmt":"2015-02-23T06:06:28","guid":{"rendered":"https:\/\/www.lessence-ciel.com\/products-store\/capteurs-de-soleil\/"},"modified":"2025-02-09T09:43:05","modified_gmt":"2025-02-09T14:43:05","slug":"capteurs-de-soleil","status":"publish","type":"product","link":"https:\/\/www.lessence-ciel.com\/en\/products-store\/capteurs-de-soleil\/","title":{"rendered":"Prismes Capteurs de Soleil: \u00c9nergie Arc-en-Ciel"},"content":{"rendered":"\n<p>Un capteur de soleil est bien plus qu\u2019un simple \u00e9l\u00e9ment d\u00e9coratif. Suspendus \u00e0 une fen\u00eatre, les prismes captent et absorbent les rayons de lumi\u00e8re du soleil pour les transformer en magnifiques arcs-en-ciel, cr\u00e9ant ainsi harmonie et beaut\u00e9 dans notre environnement. Mais leurs bienfaits vont bien au-del\u00e0 de l\u2019esth\u00e9tique.<\/p>\n\n\n\n<p><strong>L&#8217;\u00c9nergie Arc-en-Ciel : Une Source de Bien-\u00catre<\/strong><\/p>\n\n\n\n<p>Les prismes contribuent \u00e0 l\u2019\u00e9l\u00e9vation des fr\u00e9quences de la pi\u00e8ce qui baigne dans cette lumi\u00e8re solaire et \u00e9nergie arc-en-ciel. Ce reflet arc-en-ciel correspond aux couleurs de nos chakras, fortifiant ainsi chacun d&#8217;eux et rehaussant notre niveau d\u2019\u00e9nergie.<\/p>\n\n\n\n<p><strong>Un Spectacle Magique<\/strong><\/p>\n\n\n\n<p>Lorsque les rayons du soleil traversent le prisme de crystal, nous jouissons d\u2019un magnifique spectacle arc-en-ciel. Ces couleurs apparaissent dans la pi\u00e8ce, cr\u00e9ant un effet spectaculaire et magique qui s\u00e8me la joie. L\u2019\u00e9nergie solaire ainsi distribu\u00e9e apporte une sensation vivifiante et \u00e9quilibr\u00e9e, ayant une influence apaisante sur notre environnement, un moyen naturel pour r\u00e9duire le stress.<\/p>\n\n\n\n<p><strong>Facilit\u00e9 d\u2019Utilisation<\/strong><\/p>\n\n\n\n<p>La beaut\u00e9 des capteurs de soleil r\u00e9side \u00e9galement dans leur simplicit\u00e9 d\u2019utilisation. Pour \u00e9lever la fr\u00e9quence d\u2019une pi\u00e8ce de ta maison, il te suffit de suspendre un prisme capteur de soleil devant une fen\u00eatre orient\u00e9e vers le soleil ou devant une ampoule halog\u00e8ne.<\/p>\n\n\n\n<p><strong>Quelques Bienfaits<\/strong><\/p>\n\n\n\n<ul class=\"wp-block-list\">\n<li><strong>\u00c9l\u00e9vation des fr\u00e9quences<\/strong><\/li>\n\n\n\n<li><strong>Fortification des chakras<\/strong><\/li>\n\n\n\n<li><strong>Harmonie et \u00e9quilibre<\/strong><\/li>\n\n\n\n<li><strong>R\u00e9duction du stress<\/strong><\/li>\n\n\n\n<li><strong>Joie, paix, beaut\u00e9<\/strong><\/li>\n<\/ul>\n\n\n\n<p>C&#8217;est en \u00e9levant la fr\u00e9quence de la pi\u00e8ce o\u00f9 il est install\u00e9 que le prisme contribue \u00e0 \u00e9lever ton niveau d\u2019\u00e9nergie. C\u2019est un traitement \u00e9nerg\u00e9tique qui se fait naturellement lorsque tu es dans la pi\u00e8ce o\u00f9 les rayons de lumi\u00e8re traversent le prisme et plein de petits arc-en-ciel apparaissent. L\u2019\u00e9nergie de ces couleurs perdure m\u00eame lorsqu\u2019elle n\u2019est plus perceptible par l\u2019\u0153il nu. C&#8217;est ainsi une forme de chromoth\u00e9rapie qui fortifie tes chakras.<\/p>\n\n\n\n<hr class=\"wp-block-separator has-alpha-channel-opacity\"\/>\n\n\n\n<p>Alors, pourquoi ne pas essayer et observer les bienfaits par toi-m\u00eame ? <\/p>\n\n\n\n<p>Viens choisir le tiens \u00e0 l\u2019Essence-Ciel, viens voir la magnifique s\u00e9lection de prismes capteur de soleil offert en boutique. <\/p>\n\n\n\n<p>Et souviens-toi que c&#8217;est un excellent choix de cadeau pour toute occasion. Nous en avons pour tous les go\u00fbts. <\/p>\n\n\n\n\n\t\t<style type=\"text\/css\">\n\t\t\t#gallery-1 {\n\t\t\t\tmargin: auto;\n\t\t\t}\n\t\t\t#gallery-1 .gallery-item {\n\t\t\t\tfloat: left;\n\t\t\t\tmargin-top: 10px;\n\t\t\t\ttext-align: center;\n\t\t\t\twidth: 33%;\n\t\t\t}\n\t\t\t#gallery-1 img {\n\t\t\t\tborder: 2px solid #cfcfcf;\n\t\t\t}\n\t\t\t#gallery-1 .gallery-caption {\n\t\t\t\tmargin-left: 0;\n\t\t\t}\n\t\t\t\/* see gallery_shortcode() in wp-includes\/media.php *\/\n\t\t<\/style>\n\t\t<div id='gallery-1' class='gallery galleryid-53299 gallery-columns-3 gallery-size-thumbnail'><dl class='gallery-item'>\n\t\t\t<dt class='gallery-icon landscape'>\n\t\t\t\t<a href='https:\/\/www.lessence-ciel.com\/en\/?attachment_id=89538'><img loading=\"lazy\" decoding=\"async\" width=\"200\" height=\"200\" src=\"https:\/\/www.lessence-ciel.com\/web-data\/uploads\/2023\/04\/20230416_141853-200x200.jpg\" class=\"attachment-thumbnail size-thumbnail\" alt=\"\" \/><\/a>\n\t\t\t<\/dt><\/dl><dl class='gallery-item'>\n\t\t\t<dt class='gallery-icon portrait'>\n\t\t\t\t<a href='https:\/\/www.lessence-ciel.com\/en\/?attachment_id=89536'><img loading=\"lazy\" decoding=\"async\" width=\"200\" height=\"200\" src=\"https:\/\/www.lessence-ciel.com\/web-data\/uploads\/2023\/04\/20230416_141544-200x200.jpg\" class=\"attachment-thumbnail size-thumbnail\" alt=\"\" \/><\/a>\n\t\t\t<\/dt><\/dl><dl class='gallery-item'>\n\t\t\t<dt class='gallery-icon portrait'>\n\t\t\t\t<a href='https:\/\/www.lessence-ciel.com\/en\/?attachment_id=89534'><img loading=\"lazy\" decoding=\"async\" width=\"200\" height=\"200\" src=\"https:\/\/www.lessence-ciel.com\/web-data\/uploads\/2023\/04\/20230416_141648-200x200.jpg\" class=\"attachment-thumbnail size-thumbnail\" alt=\"\" \/><\/a>\n\t\t\t<\/dt><\/dl><br style=\"clear: both\" \/><dl class='gallery-item'>\n\t\t\t<dt class='gallery-icon landscape'>\n\t\t\t\t<a href='https:\/\/www.lessence-ciel.com\/en\/?attachment_id=89532'><img loading=\"lazy\" decoding=\"async\" width=\"200\" height=\"200\" src=\"https:\/\/www.lessence-ciel.com\/web-data\/uploads\/2023\/04\/20230416_141922-200x200.jpg\" class=\"attachment-thumbnail size-thumbnail\" alt=\"\" \/><\/a>\n\t\t\t<\/dt><\/dl><dl class='gallery-item'>\n\t\t\t<dt class='gallery-icon portrait'>\n\t\t\t\t<a href='https:\/\/www.lessence-ciel.com\/en\/?attachment_id=89530'><img loading=\"lazy\" decoding=\"async\" width=\"200\" height=\"200\" src=\"https:\/\/www.lessence-ciel.com\/web-data\/uploads\/2023\/04\/20230416_141751-200x200.jpg\" class=\"attachment-thumbnail size-thumbnail\" alt=\"\" \/><\/a>\n\t\t\t<\/dt><\/dl><dl class='gallery-item'>\n\t\t\t<dt class='gallery-icon portrait'>\n\t\t\t\t<a href='https:\/\/www.lessence-ciel.com\/en\/?attachment_id=89528'><img loading=\"lazy\" decoding=\"async\" width=\"200\" height=\"200\" src=\"https:\/\/www.lessence-ciel.com\/web-data\/uploads\/2023\/04\/20230414_191343-200x200.jpg\" class=\"attachment-thumbnail size-thumbnail\" alt=\"\" \/><\/a>\n\t\t\t<\/dt><\/dl><br style=\"clear: both\" \/><dl class='gallery-item'>\n\t\t\t<dt class='gallery-icon portrait'>\n\t\t\t\t<a href='https:\/\/www.lessence-ciel.com\/en\/?attachment_id=89526'><img loading=\"lazy\" decoding=\"async\" width=\"200\" height=\"200\" src=\"https:\/\/www.lessence-ciel.com\/web-data\/uploads\/2023\/04\/20230416_141727-200x200.jpg\" class=\"attachment-thumbnail size-thumbnail\" alt=\"\" \/><\/a>\n\t\t\t<\/dt><\/dl><dl class='gallery-item'>\n\t\t\t<dt class='gallery-icon portrait'>\n\t\t\t\t<a href='https:\/\/www.lessence-ciel.com\/en\/?attachment_id=89524'><img loading=\"lazy\" decoding=\"async\" width=\"200\" height=\"200\" src=\"https:\/\/www.lessence-ciel.com\/web-data\/uploads\/2023\/04\/20230416_141643-200x200.jpg\" class=\"attachment-thumbnail size-thumbnail\" alt=\"\" \/><\/a>\n\t\t\t<\/dt><\/dl><dl class='gallery-item'>\n\t\t\t<dt class='gallery-icon portrait'>\n\t\t\t\t<a href='https:\/\/www.lessence-ciel.com\/en\/?attachment_id=89522'><img loading=\"lazy\" decoding=\"async\" width=\"200\" height=\"200\" src=\"https:\/\/www.lessence-ciel.com\/web-data\/uploads\/2023\/04\/20230416_141601-200x200.jpg\" class=\"attachment-thumbnail size-thumbnail\" alt=\"\" \/><\/a>\n\t\t\t<\/dt><\/dl><br style=\"clear: both\" \/><dl class='gallery-item'>\n\t\t\t<dt class='gallery-icon portrait'>\n\t\t\t\t<a href='https:\/\/www.lessence-ciel.com\/en\/?attachment_id=89520'><img loading=\"lazy\" decoding=\"async\" width=\"200\" height=\"200\" src=\"https:\/\/www.lessence-ciel.com\/web-data\/uploads\/2023\/04\/20230416_141539-200x200.jpg\" class=\"attachment-thumbnail size-thumbnail\" alt=\"\" \/><\/a>\n\t\t\t<\/dt><\/dl><dl class='gallery-item'>\n\t\t\t<dt class='gallery-icon portrait'>\n\t\t\t\t<a href='https:\/\/www.lessence-ciel.com\/en\/?attachment_id=89518'><img loading=\"lazy\" decoding=\"async\" width=\"200\" height=\"200\" src=\"https:\/\/www.lessence-ciel.com\/web-data\/uploads\/2023\/04\/20230416_141759-200x200.jpg\" class=\"attachment-thumbnail size-thumbnail\" alt=\"\" \/><\/a>\n\t\t\t<\/dt><\/dl><dl class='gallery-item'>\n\t\t\t<dt class='gallery-icon portrait'>\n\t\t\t\t<a href='https:\/\/www.lessence-ciel.com\/en\/?attachment_id=89516'><img loading=\"lazy\" decoding=\"async\" width=\"200\" height=\"200\" src=\"https:\/\/www.lessence-ciel.com\/web-data\/uploads\/2023\/04\/20230414_192458-200x200.jpg\" class=\"attachment-thumbnail size-thumbnail\" alt=\"\" \/><\/a>\n\t\t\t<\/dt><\/dl><br style=\"clear: both\" \/><dl class='gallery-item'>\n\t\t\t<dt class='gallery-icon portrait'>\n\t\t\t\t<a href='https:\/\/www.lessence-ciel.com\/en\/?attachment_id=89514'><img loading=\"lazy\" decoding=\"async\" width=\"200\" height=\"200\" src=\"https:\/\/www.lessence-ciel.com\/web-data\/uploads\/2023\/04\/20230416_141632-200x200.jpg\" class=\"attachment-thumbnail size-thumbnail\" alt=\"\" \/><\/a>\n\t\t\t<\/dt><\/dl><dl class='gallery-item'>\n\t\t\t<dt class='gallery-icon portrait'>\n\t\t\t\t<a href='https:\/\/www.lessence-ciel.com\/en\/?attachment_id=89512'><img loading=\"lazy\" decoding=\"async\" width=\"200\" height=\"200\" src=\"https:\/\/www.lessence-ciel.com\/web-data\/uploads\/2023\/04\/20230326_134015-200x200.jpg\" class=\"attachment-thumbnail size-thumbnail\" alt=\"\" \/><\/a>\n\t\t\t<\/dt><\/dl>\n\t\t\t<br style='clear: both' \/>\n\t\t<\/div>\n\n\n\n\n<p class=\"has-text-align-center has-white-background-color has-background\">  <strong>Les Bienfaits pour les Chakras et le Niveau d&#8217;\u00c9nergie<\/strong><\/p>\n\n\n\n<p>Cette forme de chromoth\u00e9rapie harmonise et fortifie naturellement tes chakras. Les chakras repr\u00e9sentent tes centres \u00e9nerg\u00e9tiques situ\u00e9s le long de ta colonne vert\u00e9brale. Chaque couleur de l\u2019arc-en-ciel est associ\u00e9e \u00e0 un chakra sp\u00e9cifique :<\/p>\n\n\n\n<ul class=\"wp-block-list\">\n<li>Rouge : Chakra racine, pour la s\u00e9curit\u00e9 et la stabilit\u00e9<\/li>\n\n\n\n<li>Orange : Chakra sacr\u00e9, pour la cr\u00e9ativit\u00e9 et la sexualit\u00e9<\/li>\n\n\n\n<li>Jaune : Chakra du plexus solaire, pour la confiance en soi<\/li>\n\n\n\n<li>Vert : Chakra du c\u0153ur, pour l\u2019amour et la compassion<\/li>\n\n\n\n<li>Bleu : Chakra de la gorge, pour la communication et l\u2019expression<\/li>\n\n\n\n<li>Indigo : Chakra du troisi\u00e8me \u0153il, pour l\u2019intuition<\/li>\n\n\n\n<li>Violet : Chakra couronne, pour la spiritualit\u00e9<\/li>\n<\/ul>\n\n\n\n<p>Expose r\u00e9guli\u00e8rement tes chakras \u00e0 ces couleurs afin de les fortifier et augmenter ton niveau d\u2019\u00e9nergie. Youpi!<\/p>\n\n\n\n<p><strong>Exemples Concrets d\u2019Utilisation<\/strong><\/p>\n\n\n\n<ul class=\"wp-block-list\">\n<li>Chambres \u00e0 coucher : Accroche un prisme pr\u00e8s de la fen\u00eatre pour cr\u00e9er une ambiance apaisante et favoriser un sommeil r\u00e9parateur.<\/li>\n\n\n\n<li>Espaces de travail : Place un prisme \u00e0 proximit\u00e9 de ton bureau pour stimuler la cr\u00e9ativit\u00e9 et am\u00e9liorer la concentration.<\/li>\n\n\n\n<li>Espaces de m\u00e9ditation : Int\u00e8gre un prisme dans ton espace de m\u00e9ditation pour renforcer la connexion spirituelle et \u00e9quilibrer les chakras.<\/li>\n<\/ul>\n\n\n\n<p class=\"has-text-align-left has-white-background-color has-background\">Voil\u00e0! C&#8217;est ainsi qu&#8217;un simple prisme bien plac\u00e9 contribue \u00e0 harmoniser tes chakras et \u00e0 \u00e9lever ton niveau d\u2019\u00e9nergie.<\/p>\n\n\n\n<p><strong>En conclusion, <\/strong>les prismes capteurs de soleil ne sont pas seulement des objets d\u00e9coratifs, ils sont de v\u00e9ritables alli\u00e9s pour notre bien-\u00eatre. En int\u00e9grant des capteurs de soleil dans ton espace de vie, tu invites l\u2019harmonie, l\u2019\u00e9quilibre et la s\u00e9r\u00e9nit\u00e9 dans ton quotidien.<\/p>\n\n\n<div class=\"gb-container gb-container-727203ca\"><div class=\"gb-inside-container\">\n<div class=\"gb-grid-wrapper gb-grid-wrapper-3443c9cd\">\n<div class=\"gb-grid-column gb-grid-column-9d8ea7d9\"><div class=\"gb-container gb-container-9d8ea7d9\"><div class=\"gb-inside-container\">\n\n<figure class=\"gb-block-image gb-block-image-04931a1c\"><img loading=\"lazy\" decoding=\"async\" width=\"298\" height=\"350\" class=\"gb-image gb-image-04931a1c\" src=\"https:\/\/www.lessence-ciel.com\/web-data\/uploads\/2023\/04\/rainbow-parchment-298x350.webp\" alt=\"\" title=\"Rainbow-Parchment\" srcset=\"https:\/\/www.lessence-ciel.com\/web-data\/uploads\/2023\/04\/rainbow-parchment-298x350.webp 298w, https:\/\/www.lessence-ciel.com\/web-data\/uploads\/2023\/04\/rainbow-parchment.webp 400w\" sizes=\"auto, (max-width: 298px) 100vw, 298px\" \/><\/figure>\n\n<\/div><\/div><\/div>\n\n<div class=\"gb-grid-column gb-grid-column-67c8f408\"><div class=\"gb-container gb-container-67c8f408\"><div class=\"gb-inside-container\">\n\n<h2 class=\"gb-headline gb-headline-028e576a gb-headline-text\"><strong>Si tu veux \u00e9tablir d\u00e8s maintenant un chez-toi ou il fait bon vivre&#8230;<\/strong> <strong>Ceci est pour toi!<\/strong><\/h2>\n\n\n\n<h3 class=\"gb-headline gb-headline-2c3a44dd gb-headline-text\">Monique offre des trucs et du savoir-faire par l\u2019entremise d&#8217;une activit\u00e9 en ligne. C&#8217;est une <strong>S\u00e9rie gratuite!<\/strong><\/h3>\n\n\n<div class=\"gb-button-wrapper gb-button-wrapper-53f22b18\">\n\n<a class=\"gb-button gb-button-4fbb4b43 gb-button-text\" href=\"https:\/\/www.voievisionnaire.com\/ressources\/un-chez-soi\/\"><strong>D\u00e9couvre \u00ab  <\/strong><strong><em>Un chez-toi ou il fait bon vivre<\/em><\/strong>  <strong>\u00bb par ici!<\/strong><\/a>\n\n<\/div>\n<\/div><\/div><\/div>\n<\/div>\n<\/div><\/div>","protected":false},"excerpt":{"rendered":"<p>Un capteur de soleil est bien plus qu\u2019un simple \u00e9l\u00e9ment d\u00e9coratif. Suspendus \u00e0 une fen\u00eatre, les prismes captent et absorbent les rayons de lumi\u00e8re du soleil pour les transformer en magnifiques arcs-en-ciel, cr\u00e9ant ainsi harmonie et beaut\u00e9 dans notre environnement. Mais leurs bienfaits vont bien au-del\u00e0 de l\u2019esth\u00e9tique. L&#8217;\u00c9nergie Arc-en-Ciel [&hellip;]<\/p>\n","protected":false},"featured_media":64274,"template":"","meta":{"_acf_changed":false,"wds_primary_classe-produit":0,"wds_primary_categories-produits":0,"wds_primary_thematique":0,"wds_primary_product_brand":0,"wds_primary_product_cat":0},"classe-produit":[389],"categories-produits":[],"thematique":[658,529,745,751,1206,816,682,810,820,925,929,533,531,796,769,690,798,800,524,692],"product_brand":[],"class_list":{"0":"post-53299","1":"product","2":"type-product","3":"status-publish","4":"has-post-thumbnail","6":"classe-produit-harmonization-tools","7":"thematique-afterworld","8":"thematique-angels-world","9":"thematique-angels-archangels","10":"thematique-archangels","11":"thematique-the-chakras","12":"thematique-feng-shui-geobiology","13":"thematique-grief","14":"thematique-harmonisation","15":"thematique-healing-harmonization-tools","16":"thematique-intent-manifestation","17":"thematique-law-of-attraction","18":"thematique-minds-sanctuary","19":"thematique-natures-realm","20":"thematique-new-children","21":"thematique-new-earth","22":"thematique-personal-growth","23":"thematique-protection","24":"thematique-reiki-light-work","25":"thematique-souls-garden","26":"thematique-spiritual-renewal","28":"first","29":"instock","30":"taxable","31":"shipping-taxable","32":"product-type-simple"},"acf":{"modele_type":"blog","modele_email":"single","acf-general_shortdesc":"","modele_single":{"lead_magnet":"","lead_click":"","post_hasvideo":"no","video_associee":{"post_video":"","description_video":"","thumb_video":null}},"modele_default":{"desc":"","lead_click":"Clique ici pour plus d'information"},"modele_hook":{"image_height":null,"lead_magnet":"","key_phase":"","desc":"","lead_click":"Clique ici pour plus d'information"},"modele_bullets":{"image_height":null,"bullets":null,"lead_click":"Clique ici pour plus d'information"}},"_links":{"self":[{"href":"https:\/\/www.lessence-ciel.com\/en\/wp-json\/wp\/v2\/product\/53299","targetHints":{"allow":["GET"]}}],"collection":[{"href":"https:\/\/www.lessence-ciel.com\/en\/wp-json\/wp\/v2\/product"}],"about":[{"href":"https:\/\/www.lessence-ciel.com\/en\/wp-json\/wp\/v2\/types\/product"}],"wp:featuredmedia":[{"embeddable":true,"href":"https:\/\/www.lessence-ciel.com\/en\/wp-json\/wp\/v2\/media\/64274"}],"wp:attachment":[{"href":"https:\/\/www.lessence-ciel.com\/en\/wp-json\/wp\/v2\/media?parent=53299"}],"wp:term":[{"taxonomy":"classe-produit","embeddable":true,"href":"https:\/\/www.lessence-ciel.com\/en\/wp-json\/wp\/v2\/classe-produit?post=53299"},{"taxonomy":"categories-produits","embeddable":true,"href":"https:\/\/www.lessence-ciel.com\/en\/wp-json\/wp\/v2\/categories-produits?post=53299"},{"taxonomy":"thematique","embeddable":true,"href":"https:\/\/www.lessence-ciel.com\/en\/wp-json\/wp\/v2\/thematique?post=53299"},{"taxonomy":"product_brand","embeddable":true,"href":"https:\/\/www.lessence-ciel.com\/en\/wp-json\/wp\/v2\/product_brand?post=53299"}],"curies":[{"name":"wp","href":"https:\/\/api.w.org\/{rel}","templated":true}]}}