{"id":53303,"date":"2015-02-23T01:06:27","date_gmt":"2015-02-23T06:06:27","guid":{"rendered":"https:\/\/www.lessence-ciel.com\/products-store\/lampions\/"},"modified":"2019-04-29T16:03:09","modified_gmt":"2019-04-29T20:03:09","slug":"lampions","status":"publish","type":"product","link":"https:\/\/www.lessence-ciel.com\/en\/products-store\/lampions\/","title":{"rendered":"Candles &#038; Pillars"},"content":{"rendered":"<p>Les chandelles de cire d\u2019abeille sont fait de cire d\u2019abeille \u00e0 100%. La cire d\u2019abeille n\u2019est pas toxique et serait m\u00eame b\u00e9n\u00e9fique.<\/p>\n<p>La cire d\u2019abeille est la seule substance connue de l\u2019\u00eatre humain qui \u00e9met des ions n\u00e9gatifs lorsqu\u2019elle br\u00fble. Les ions n\u00e9gatifs circulent dans une pi\u00e8ce et neutralisent les charges positivies statiques qui maintiennent les contaminants dans l\u2019air. Lorsque cette charge est neutralis\u00e9e, les poussi\u00e8res, les odeurs, la moisissure, le pollen, les virus et les autres toxines tombent au sol.<\/p>\n\n\n<div class=\"wp-block-image\"><figure class=\"aligncenter is-resized\"><img loading=\"lazy\" decoding=\"async\" src=\"https:\/\/www.lessence-ciel.com\/wp-content\/uploads\/2014\/06\/chandelles-cire-abeille-chakras.png\" alt=\"\" class=\"wp-image-38186\" width=\"300\" height=\"120\"\/><\/figure><\/div>\n\n\n\n<p style=\"text-align:center\">\n\nUn ensemble arc-en-ciel de 7 petites chandelles qui symbolisent chacun des chakras principaux.\n\n<\/p>\n","protected":false},"excerpt":{"rendered":"<p>Les chandelles de cire d\u2019abeille sont fait de cire d\u2019abeille \u00e0 100%. La cire d\u2019abeille n\u2019est pas toxique et serait m\u00eame b\u00e9n\u00e9fique. La cire d\u2019abeille est la seule substance connue de l\u2019\u00eatre humain qui \u00e9met des ions n\u00e9gatifs lorsqu\u2019elle br\u00fble. Les ions n\u00e9gatifs circulent dans une pi\u00e8ce et neutralisent les [&hellip;]<\/p>\n","protected":false},"featured_media":64627,"template":"","meta":{"_acf_changed":false,"wds_primary_classe-produit":0,"wds_primary_categories-produits":0,"wds_primary_thematique":0,"wds_primary_product_brand":0,"wds_primary_product_cat":0},"classe-produit":[389],"categories-produits":[],"thematique":[],"product_brand":[],"class_list":{"0":"post-53303","1":"product","2":"type-product","3":"status-publish","4":"has-post-thumbnail","6":"classe-produit-harmonization-tools","8":"first","9":"instock","10":"taxable","11":"shipping-taxable","12":"product-type-simple"},"acf":{"modele_type":"blog","modele_email":"single","acf-general_shortdesc":"","modele_single":{"lead_magnet":"","lead_click":"","post_hasvideo":"no","video_associee":{"post_video":"","description_video":"","thumb_video":null}},"modele_default":{"desc":"","lead_click":"Clique ici pour plus d'information"},"modele_hook":{"image_height":null,"lead_magnet":"","key_phase":"","desc":"","lead_click":"Clique ici pour plus d'information"},"modele_bullets":{"image_height":null,"bullets":null,"lead_click":"Clique ici pour plus d'information"}},"_links":{"self":[{"href":"https:\/\/www.lessence-ciel.com\/en\/wp-json\/wp\/v2\/product\/53303","targetHints":{"allow":["GET"]}}],"collection":[{"href":"https:\/\/www.lessence-ciel.com\/en\/wp-json\/wp\/v2\/product"}],"about":[{"href":"https:\/\/www.lessence-ciel.com\/en\/wp-json\/wp\/v2\/types\/product"}],"wp:featuredmedia":[{"embeddable":true,"href":"https:\/\/www.lessence-ciel.com\/en\/wp-json\/wp\/v2\/media\/64627"}],"wp:attachment":[{"href":"https:\/\/www.lessence-ciel.com\/en\/wp-json\/wp\/v2\/media?parent=53303"}],"wp:term":[{"taxonomy":"classe-produit","embeddable":true,"href":"https:\/\/www.lessence-ciel.com\/en\/wp-json\/wp\/v2\/classe-produit?post=53303"},{"taxonomy":"categories-produits","embeddable":true,"href":"https:\/\/www.lessence-ciel.com\/en\/wp-json\/wp\/v2\/categories-produits?post=53303"},{"taxonomy":"thematique","embeddable":true,"href":"https:\/\/www.lessence-ciel.com\/en\/wp-json\/wp\/v2\/thematique?post=53303"},{"taxonomy":"product_brand","embeddable":true,"href":"https:\/\/www.lessence-ciel.com\/en\/wp-json\/wp\/v2\/product_brand?post=53303"}],"curies":[{"name":"wp","href":"https:\/\/api.w.org\/{rel}","templated":true}]}}