{"id":53307,"date":"2015-02-23T01:06:27","date_gmt":"2015-02-23T06:06:27","guid":{"rendered":"https:\/\/www.lessence-ciel.com\/products-store\/clochettes\/"},"modified":"2023-04-29T12:39:35","modified_gmt":"2023-04-29T16:39:35","slug":"clochettes","status":"publish","type":"product","link":"https:\/\/www.lessence-ciel.com\/en\/products-store\/clochettes\/","title":{"rendered":"Tingshas, cloches tib\u00e9taines et clochettes"},"content":{"rendered":"<p>Outils d&#8217;harmonisation et d&#8217;\u00e9l\u00e9vation des fr\u00e9quences&#8230;<\/p>\n<p>Petite histoire amusante de mes d\u00e9buts \u00e0 l\u2019Essence-Ciel (plus de 25 ans pass\u00e9s)&#8230;<\/p>\n<p>Lors de ma tourn\u00e9e d\u2019ouverture de la boutique, je faisais sonner les Tingshas au centre de chaque pi\u00e8ce en disant&#8230;j\u2019appelle les anges&#8230;ting&#8230;ting..ting&#8230;<\/p>\n<p>Et devine quoi?<\/p>\n<p>Sans le savoir&#8230;ce simple rituel pr\u00e9parait actuellement l\u2019espace pour la venue des anges, ces \u00eatres bien aim\u00e9s de fr\u00e9quences \u00e9lev\u00e9s qui fr\u00e9quent l\u2019Essence-Ciel&#8230;<\/p>\n","protected":false},"excerpt":{"rendered":"<p>Outils d&#8217;harmonisation et d&#8217;\u00e9l\u00e9vation des fr\u00e9quences&#8230; Petite histoire amusante de mes d\u00e9buts \u00e0 l\u2019Essence-Ciel (plus de 25 ans pass\u00e9s)&#8230; Lors de ma tourn\u00e9e d\u2019ouverture de la boutique, je faisais sonner les Tingshas au centre de chaque pi\u00e8ce en disant&#8230;j\u2019appelle les anges&#8230;ting&#8230;ting..ting&#8230; Et devine quoi? Sans le savoir&#8230;ce simple rituel pr\u00e9parait [&hellip;]<\/p>\n","protected":false},"featured_media":0,"template":"","meta":{"_acf_changed":false,"wds_primary_classe-produit":0,"wds_primary_categories-produits":0,"wds_primary_thematique":0,"wds_primary_product_brand":0,"wds_primary_product_cat":0},"classe-produit":[],"categories-produits":[],"thematique":[],"product_brand":[],"class_list":{"0":"post-53307","1":"product","2":"type-product","3":"status-publish","6":"first","7":"instock","8":"taxable","9":"shipping-taxable","10":"product-type-simple"},"acf":{"modele_type":"blog","modele_email":"single","acf-general_shortdesc":"","modele_single":{"lead_magnet":"","lead_click":"","post_hasvideo":"no","video_associee":{"post_video":"","description_video":"","thumb_video":null}},"modele_default":{"desc":"","lead_click":"Clique ici pour plus d'information"},"modele_hook":{"image_height":null,"lead_magnet":"","key_phase":"","desc":"","lead_click":"Clique ici pour plus d'information"},"modele_bullets":{"image_height":null,"bullets":null,"lead_click":"Clique ici pour plus d'information"}},"_links":{"self":[{"href":"https:\/\/www.lessence-ciel.com\/en\/wp-json\/wp\/v2\/product\/53307","targetHints":{"allow":["GET"]}}],"collection":[{"href":"https:\/\/www.lessence-ciel.com\/en\/wp-json\/wp\/v2\/product"}],"about":[{"href":"https:\/\/www.lessence-ciel.com\/en\/wp-json\/wp\/v2\/types\/product"}],"wp:attachment":[{"href":"https:\/\/www.lessence-ciel.com\/en\/wp-json\/wp\/v2\/media?parent=53307"}],"wp:term":[{"taxonomy":"classe-produit","embeddable":true,"href":"https:\/\/www.lessence-ciel.com\/en\/wp-json\/wp\/v2\/classe-produit?post=53307"},{"taxonomy":"categories-produits","embeddable":true,"href":"https:\/\/www.lessence-ciel.com\/en\/wp-json\/wp\/v2\/categories-produits?post=53307"},{"taxonomy":"thematique","embeddable":true,"href":"https:\/\/www.lessence-ciel.com\/en\/wp-json\/wp\/v2\/thematique?post=53307"},{"taxonomy":"product_brand","embeddable":true,"href":"https:\/\/www.lessence-ciel.com\/en\/wp-json\/wp\/v2\/product_brand?post=53307"}],"curies":[{"name":"wp","href":"https:\/\/api.w.org\/{rel}","templated":true}]}}