{"id":53314,"date":"2015-02-23T01:04:56","date_gmt":"2015-02-23T06:04:56","guid":{"rendered":"https:\/\/www.lessence-ciel.com\/products-store\/encens-des-archanges\/"},"modified":"2019-07-06T15:05:11","modified_gmt":"2019-07-06T19:05:11","slug":"encens-des-archanges","status":"publish","type":"product","link":"https:\/\/www.lessence-ciel.com\/en\/products-store\/encens-des-archanges\/","title":{"rendered":"Jabou Archangel Incense"},"content":{"rendered":"\n<h2 class=\"wp-block-heading\">Cama\u00ebl<\/h2>\n\n\n\n<p>Cet encens naturel favorise le contact avec l\u2019\u00e9nergie de l\u2019archange&nbsp;<strong>Cama\u00ebl&nbsp;<\/strong>qui agit dans les domaines suivants&nbsp;:<\/p>\n\n\n\n<ul class=\"wp-block-list\"><li>Se d\u00e9tacher de nos inhibitions<\/li><li>La lib\u00e9ration des blocages <\/li><li>D\u00e9couvrir de nouveaux horizons <\/li><li>Les relations humaines<\/li><li>Amorcer des changements<\/li><li>Faire dispara\u00eetre la confusion<\/li><li>Renforcer l\u2019amiti\u00e9 <\/li><\/ul>\n\n\n\n<h2 class=\"wp-block-heading\"> Gabriel <\/h2>\n\n\n\n<p>Cet encens naturel favorise le contact avec l\u2019\u00e9nergie de l\u2019archange&nbsp;<strong>Gabriel&nbsp;<\/strong>qui agit dans les domaines suivants&nbsp;: <\/p>\n\n\n\n<ul class=\"wp-block-list\"><li>D\u00e9velopper l\u2019intuition<\/li><li>La clart\u00e9 dans les id\u00e9es<\/li><li>\u00catre \u00e0 la bonne place au bon moment<\/li><li>L\u2019int\u00e9riorisation<\/li><li>D\u00e9couvrir des secrets cach\u00e9s<\/li><li>Les domaines subtils et \u00e9nerg\u00e9tiques<\/li><li>L\u2019aura et les chakras <\/li><\/ul>\n\n\n\n<h2 class=\"wp-block-heading\">Haniel <\/h2>\n\n\n\n<p>Cet encens naturel favorise le contact avec l\u2019\u00e9nergie de l\u2019archange&nbsp;<strong>Haniel&nbsp;<\/strong>qui agit dans les domaines suivants&nbsp;: <\/p>\n\n\n\n<ul class=\"wp-block-list\"><li> Aimer et \u00eatre aim\u00e9 <\/li><li> Compr\u00e9hension, tendresse et douceur<\/li><li> Avoir de l\u2019attraction et un charme sensuel <\/li><li> Accentue la popularit\u00e9<\/li><li> Prot\u00e8ge de la d\u00e9sillusion en amour<\/li><li> Magn\u00e9tisme et virilit\u00e9<\/li><li> Amour familial <\/li><\/ul>\n\n\n\n<h2 class=\"wp-block-heading\"> Melchisedech <\/h2>\n\n\n\n<p>Cet encens naturel favorise le contact avec l\u2019\u00e9nergie de l\u2019archange&nbsp;<strong>Melchisedech,&nbsp;<\/strong>prince de la paix, il pr\u00f4ne&nbsp;: <\/p>\n\n\n\n<ul class=\"wp-block-list\"><li> La spiritualit\u00e9<\/li><li> Le libre arbitre et la Conscience Christique<\/li><li> Pr\u00e9pare la r\u00e9demption<\/li><li> Distribue les b\u00e9n\u00e9dictions qui gu\u00e9rissent<\/li><li> Intervient aupr\u00e8s de nous en cas de n\u00e9cessit\u00e9 lors d\u2019une prise de conscience <\/li><\/ul>\n\n\n\n<h2 class=\"wp-block-heading\"> M\u00e9tatron <\/h2>\n\n\n\n<p>Cet encens naturel favorise le contact avec l\u2019\u00e9nergie de l\u2019archange&nbsp;<strong>M\u00e9tatron&nbsp;<\/strong>qui agit dans les domaines suivants&nbsp;: <\/p>\n\n\n\n<ul class=\"wp-block-list\"><li> La transcendance<\/li><li> La lumi\u00e8re divine<\/li><li> Retrouver la voie<\/li><li> Identifier les blocages<\/li><li> Lib\u00e9rer des \u00e9nergies stagnantes et karmiques<\/li><li> R\u00e9soudre les probl\u00e8mes  <\/li><\/ul>\n\n\n\n<h2 class=\"wp-block-heading\">Mika\u00ebl <\/h2>\n\n\n\n<p>Cet encens naturel favorise le contact avec l\u2019\u00e9nergie de l\u2019archange&nbsp;<strong>Mika\u00ebl&nbsp;<\/strong>qui agit dans les domaines suivants&nbsp;: <\/p>\n\n\n\n<ul class=\"wp-block-list\"><li> H\u00e9ritage et patrimoine familial<\/li><li> La chance aux jeux et dans les affaires <\/li><li> La richesse mat\u00e9rielle<\/li><li> La bonne fortune<\/li><li> Augmentation de salaire<\/li><li> \u00c9l\u00e9vation sociale et promotions<\/li><li> Les sp\u00e9culations boursi\u00e8res  <\/li><\/ul>\n\n\n\n<h2 class=\"wp-block-heading\"> Rapha\u00ebl <\/h2>\n\n\n\n<p>Cet encens naturel favorise le contact avec l\u2019\u00e9nergie de l\u2019archange&nbsp;<strong>Rapha\u00ebl&nbsp;<\/strong>qui agit dans les domaines suivants&nbsp;: <\/p>\n\n\n\n<ul class=\"wp-block-list\"><li> La sant\u00e9 physique, mentale et \u00e9motionnelle<\/li><li> Am\u00e9lioration ou r\u00e9tablissement de la sant\u00e9<\/li><li> \u00c9limination des blocages provoquant les maladies<\/li><li> Les m\u00e9decines parall\u00e8les et \u00e9nerg\u00e9tiques <\/li><li> Vieillissement en sant\u00e9 <\/li><\/ul>\n\n\n\n<h2 class=\"wp-block-heading\">Raziel<\/h2>\n\n\n\n<p>Cet encens naturel favorise le contact avec l\u2019\u00e9nergie de l\u2019archange&nbsp;<strong>Raziel&nbsp;<\/strong>qui agit dans les domaines suivants&nbsp;: <\/p>\n\n\n\n<ul class=\"wp-block-list\"><li>Protection dans les d\u00e9placements, litiges, intemp\u00e9ries, calomnies et autres sarcasmes <\/li><li>Protection contre l\u2019envoutement, les charmes magiques et les esprits n\u00e9gatifs<\/li><li>Protection g\u00e9n\u00e9rale <\/li><\/ul>\n\n\n\n<h2 class=\"wp-block-heading\">Sandalphon<\/h2>\n\n\n\n<p>Cet encens naturel favorise le contact avec l\u2019\u00e9nergie de l\u2019archange&nbsp;<strong>Sandalphon<\/strong>, l\u2019ange du pouvoir, de la gloire, de la pri\u00e8re et de l\u2019inspiration. Si vous \u00eates :<\/p>\n\n\n\n<ul class=\"wp-block-list\"><li>Manipul\u00e9<\/li><li>Abus\u00e9<\/li><li>Victime de violence<\/li><li>D\u00e9valoris\u00e9 <\/li><\/ul>\n\n\n\n<p>Demandez \u00e0 Sandalphon de vous aider \u00e0 retrouver votre force int\u00e9rieure et vous guider dans ce que vous devez accomplir. <\/p>\n\n\n\n<h2 class=\"wp-block-heading\">Tsadkiel<\/h2>\n\n\n\n<p>Cet encens naturel favorise le contact avec l\u2019\u00e9nergie de l\u2019archange&nbsp;<strong>Tsadkiel&nbsp;<\/strong>qui agit dans les domaines suivants&nbsp;: <\/p>\n\n\n\n<ul class=\"wp-block-list\"><li>L\u2019avancement spirituel<\/li><li>La recherche int\u00e9rieure, la purification<\/li><li>La r\u00e9colte de ce que l\u2019on s\u00e8me<\/li><li>Favorise la rencontre de notre Ma\u00eetre<\/li><li>La r\u00e9compense des efforts<\/li><li>M\u00e9ditation<\/li><li>Vivre sa spiritualit\u00e9 <\/li><\/ul>\n\n\n\n<h2 class=\"wp-block-heading\">Tsaphkiel<\/h2>\n\n\n\n<p>Cet encens naturel favorise le contact avec l\u2019\u00e9nergie de l\u2019archange&nbsp;<strong>Tsaphkiel&nbsp;<\/strong>qui agit dans les domaines suivants&nbsp;: <\/p>\n\n\n\n<ul class=\"wp-block-list\"><li>Les blocages \u00e9nerg\u00e9tiques<\/li><li>\u00c9limination progressive du Karma<\/li><li>Les d\u00e9couvertes et les nouvelles id\u00e9es<\/li><li>S\u2019exprimer, ext\u00e9rioriser notre int\u00e9rieur<\/li><li>Conna\u00eetre ses forces et faiblesses <\/li><\/ul>\n\n\n\n<h2 class=\"wp-block-heading\">Uriel<\/h2>\n\n\n\n<p>Cet encens naturel favorise le contact avec l\u2019\u00e9nergie de l\u2019archange&nbsp;<strong>Uriel&nbsp;<\/strong>qui agit dans les domaines suivants&nbsp;: <\/p>\n\n\n\n<ul class=\"wp-block-list\"><li>La repentance<\/li><li>La compr\u00e9hension des lois karmiques<\/li><li>\u00catre responsable de notre vie<\/li><li>D\u00e9velopper notre cr\u00e9ativit\u00e9<\/li><li>Trouver notre lumi\u00e8re int\u00e9rieure et \u00e0 devenir radieux dans l\u2019expression de notre plein potentiel d\u2019amour et de beaut\u00e9 int\u00e9rieure <\/li><\/ul>\n","protected":false},"excerpt":{"rendered":"<p>Cama\u00ebl Cet encens naturel favorise le contact avec l\u2019\u00e9nergie de l\u2019archange&nbsp;Cama\u00ebl&nbsp;qui agit dans les domaines suivants&nbsp;: Se d\u00e9tacher de nos inhibitions La lib\u00e9ration des blocages D\u00e9couvrir de nouveaux horizons Les relations humaines Amorcer des changements Faire dispara\u00eetre la confusion Renforcer l\u2019amiti\u00e9 Gabriel Cet encens naturel favorise le contact avec l\u2019\u00e9nergie [&hellip;]<\/p>\n","protected":false},"featured_media":51341,"template":"","meta":{"_acf_changed":false,"wds_primary_classe-produit":0,"wds_primary_categories-produits":0,"wds_primary_thematique":0,"wds_primary_product_brand":0,"wds_primary_product_cat":0},"classe-produit":[389],"categories-produits":[],"thematique":[529,747,745,751,531,862,868],"product_brand":[],"class_list":{"0":"post-53314","1":"product","2":"type-product","3":"status-publish","4":"has-post-thumbnail","6":"classe-produit-harmonization-tools","7":"thematique-angels-world","8":"thematique-angels","9":"thematique-angels-archangels","10":"thematique-archangels","11":"thematique-natures-realm","12":"thematique-plants-trees-aromatherapy","13":"thematique-sage-purification","15":"first","16":"instock","17":"taxable","18":"shipping-taxable","19":"product-type-simple"},"acf":{"modele_type":"blog","modele_email":"single","acf-general_shortdesc":"","modele_single":{"lead_magnet":"","lead_click":"","post_hasvideo":"no","video_associee":{"post_video":"","description_video":"","thumb_video":null}},"modele_default":{"desc":"","lead_click":"Clique ici pour plus d'information"},"modele_hook":{"image_height":null,"lead_magnet":"","key_phase":"","desc":"","lead_click":"Clique ici pour plus d'information"},"modele_bullets":{"image_height":null,"bullets":null,"lead_click":"Clique ici pour plus d'information"}},"_links":{"self":[{"href":"https:\/\/www.lessence-ciel.com\/en\/wp-json\/wp\/v2\/product\/53314","targetHints":{"allow":["GET"]}}],"collection":[{"href":"https:\/\/www.lessence-ciel.com\/en\/wp-json\/wp\/v2\/product"}],"about":[{"href":"https:\/\/www.lessence-ciel.com\/en\/wp-json\/wp\/v2\/types\/product"}],"wp:featuredmedia":[{"embeddable":true,"href":"https:\/\/www.lessence-ciel.com\/en\/wp-json\/wp\/v2\/media\/51341"}],"wp:attachment":[{"href":"https:\/\/www.lessence-ciel.com\/en\/wp-json\/wp\/v2\/media?parent=53314"}],"wp:term":[{"taxonomy":"classe-produit","embeddable":true,"href":"https:\/\/www.lessence-ciel.com\/en\/wp-json\/wp\/v2\/classe-produit?post=53314"},{"taxonomy":"categories-produits","embeddable":true,"href":"https:\/\/www.lessence-ciel.com\/en\/wp-json\/wp\/v2\/categories-produits?post=53314"},{"taxonomy":"thematique","embeddable":true,"href":"https:\/\/www.lessence-ciel.com\/en\/wp-json\/wp\/v2\/thematique?post=53314"},{"taxonomy":"product_brand","embeddable":true,"href":"https:\/\/www.lessence-ciel.com\/en\/wp-json\/wp\/v2\/product_brand?post=53314"}],"curies":[{"name":"wp","href":"https:\/\/api.w.org\/{rel}","templated":true}]}}