{"id":53328,"date":"2015-02-23T01:00:47","date_gmt":"2015-02-23T06:00:47","guid":{"rendered":"https:\/\/www.lessence-ciel.com\/products-store\/tarot-de-la-sagesse-animale\/"},"modified":"2019-05-24T16:38:45","modified_gmt":"2019-05-24T20:38:45","slug":"tarot-de-la-sagesse-animale","status":"publish","type":"product","link":"https:\/\/www.lessence-ciel.com\/en\/products-store\/tarot-de-la-sagesse-animale\/","title":{"rendered":"Tarot de la sagesse animale"},"content":{"rendered":"<p>Toutes les traditions ont enseign\u00e9 l&#8217;importance de la Nature.<br \/>\nNos psych\u00e9s sont unies \u00e0 elle et aux animaux de ce monde depuis l&#8217;origine des temps. A intervalles r\u00e9guliers et pendant toute notre vie, la Nature s&#8217;efforce de nous faire reprendre conscience de nos attaches, \u00e0 la faveur de rencontres animales. En apprenant \u00e0 rendre la communication avec les animaux plus intelligible, nous enrichissons nos perceptions et ouvrons de nouvelles fen\u00eatres sur la vie. Alors, la signification cach\u00e9e de ces rencontres s&#8217;\u00e9claire ! Fort de nombreuses ann\u00e9es d&#8217;exp\u00e9rimentation des tarots, d&#8217;\u00e9tudes men\u00e9es dans maintes disciplines et de plusieurs ann\u00e9es d&#8217;exp\u00e9rience pratique du comportement et des caract\u00e9ristiques des animaux, Ted Andrews a imagin\u00e9 ce tarot, d&#8217;une pr\u00e9cision \u00e9tonnante, pouvant \u00eatre utilis\u00e9 autant par le n\u00e9ophyte que par l&#8217;expert en arts divinatoires.<br \/>\n&#8220;Le Tarot de sagesse animale&#8221;, constitu\u00e9 d&#8217;un livre et de 78 lames (22 arcanes majeurs, 56 arcanes mineurs) , peut \u00eatre utilis\u00e9 pour la divination, la m\u00e9ditation, la recherche spirituelle, ainsi que l&#8217;harmonisation avec la nature, mais il a d&#8217;abord \u00e9t\u00e9 con\u00e7u pour nous aider \u00e0 reconna\u00eetre les forces et les arch\u00e9types spirituels r\u00e9els qui sont en jeu dans notre vie quotidienne. Cet outil \u00e0 la fois \u00e9ducatif et divinatoire nous aidera \u00e0 affiner nos facult\u00e9s intuitives, \u00e0 renforcer les liens qui nous unissent au monde animal et \u00e0 trouver des r\u00e9ponses \u00e0 certaines \u00e9nigmes de l&#8217;existence.<\/p>\n","protected":false},"excerpt":{"rendered":"<p>Toutes les traditions ont enseign\u00e9 l&#8217;importance de la Nature. Nos psych\u00e9s sont unies \u00e0 elle et aux animaux de ce monde depuis l&#8217;origine des temps. A intervalles r\u00e9guliers et pendant toute notre vie, la Nature s&#8217;efforce de nous faire reprendre conscience de nos attaches, \u00e0 la faveur de rencontres animales. [&hellip;]<\/p>\n","protected":false},"featured_media":51243,"template":"","meta":{"_acf_changed":false,"wds_primary_classe-produit":0,"wds_primary_categories-produits":0,"wds_primary_thematique":0,"wds_primary_product_brand":0,"wds_primary_product_cat":0},"classe-produit":[374,366],"categories-produits":[],"thematique":[913,533,923],"product_brand":[],"class_list":{"0":"post-53328","1":"product","2":"type-product","3":"status-publish","4":"has-post-thumbnail","6":"classe-produit-tarots","7":"classe-produit-visionary-tools","8":"thematique-divination-oracles","9":"thematique-minds-sanctuary","10":"thematique-tarot","12":"first","13":"instock","14":"taxable","15":"shipping-taxable","16":"purchasable","17":"product-type-simple"},"acf":{"modele_type":"blog","modele_email":"single","acf-general_shortdesc":"","modele_single":{"lead_magnet":"","lead_click":"","post_hasvideo":"no","video_associee":{"post_video":"","description_video":"","thumb_video":null}},"modele_default":{"desc":"","lead_click":"Clique ici pour plus d'information"},"modele_hook":{"image_height":null,"lead_magnet":"","key_phase":"","desc":"","lead_click":"Clique ici pour plus d'information"},"modele_bullets":{"image_height":null,"bullets":null,"lead_click":"Clique ici pour plus d'information"}},"_links":{"self":[{"href":"https:\/\/www.lessence-ciel.com\/en\/wp-json\/wp\/v2\/product\/53328","targetHints":{"allow":["GET"]}}],"collection":[{"href":"https:\/\/www.lessence-ciel.com\/en\/wp-json\/wp\/v2\/product"}],"about":[{"href":"https:\/\/www.lessence-ciel.com\/en\/wp-json\/wp\/v2\/types\/product"}],"wp:featuredmedia":[{"embeddable":true,"href":"https:\/\/www.lessence-ciel.com\/en\/wp-json\/wp\/v2\/media\/51243"}],"wp:attachment":[{"href":"https:\/\/www.lessence-ciel.com\/en\/wp-json\/wp\/v2\/media?parent=53328"}],"wp:term":[{"taxonomy":"classe-produit","embeddable":true,"href":"https:\/\/www.lessence-ciel.com\/en\/wp-json\/wp\/v2\/classe-produit?post=53328"},{"taxonomy":"categories-produits","embeddable":true,"href":"https:\/\/www.lessence-ciel.com\/en\/wp-json\/wp\/v2\/categories-produits?post=53328"},{"taxonomy":"thematique","embeddable":true,"href":"https:\/\/www.lessence-ciel.com\/en\/wp-json\/wp\/v2\/thematique?post=53328"},{"taxonomy":"product_brand","embeddable":true,"href":"https:\/\/www.lessence-ciel.com\/en\/wp-json\/wp\/v2\/product_brand?post=53328"}],"curies":[{"name":"wp","href":"https:\/\/api.w.org\/{rel}","templated":true}]}}