{"id":53373,"date":"2015-02-23T00:46:03","date_gmt":"2015-02-23T05:46:03","guid":{"rendered":"https:\/\/www.lessence-ciel.com\/products-store\/lampe-de-selenite\/"},"modified":"2024-10-05T16:17:20","modified_gmt":"2024-10-05T20:17:20","slug":"lampe-de-selenite","status":"publish","type":"product","link":"https:\/\/www.lessence-ciel.com\/en\/products-store\/lampe-de-selenite\/","title":{"rendered":"Lampe de S\u00e9l\u00e9nite"},"content":{"rendered":"\n<p>La s\u00e9l\u00e9nite acc\u00e9l\u00e8re la gu\u00e9rison physique en r\u00e9g\u00e9n\u00e9rant les cellules du corps. Elle peut m\u00eame faire dispara\u00eetre d\u2019anciennes cicatrices. La s\u00e9l\u00e9nite aide aussi \u00e0 replacer le corps \u00e9nerg\u00e9tique suite \u00e0 un choc \u00e9motionnel ou physique. C\u2019est une excellente pierre pour accompagner la convalescence.<\/p>\n\n\n\n<p>Cette pierre s\u2019auto-purifie et purifie les autres pierres \u00e9liminant le besoin de les nettoyer.&nbsp; Ses fibres optiques naturelles sont d\u2019excellents conducteurs pour toutes formes d\u2019\u00e9nergies sup\u00e9rieures. Les vibrations de la s\u00e9l\u00e9nite sont pures, f\u00e9minines et douces. Sa lumi\u00e8re blanche diffuse une \u00e9nergie spirituelle calmante favorisant ainsi l\u2019harmonie int\u00e9rieure et la concentration de l\u2019esprit. Elle cr\u00e9e une atmosph\u00e8re propice \u00e0 la pri\u00e8re, \u00e0 la r\u00e9flexion et \u00e0 la m\u00e9ditation.<\/p>\n\n\n\n<p>Stimulant l\u2019ouverture du troisi\u00e8me \u0153il et du chakra coronal, elle est un excellent outil pour communiquer avec son soi sup\u00e9rieur ainsi qu\u2019avec la sagesse des Anges. Elle favorise l\u2019acc\u00e8s aux m\u00e9moires et aux vies pass\u00e9es.<\/p>\n\n\n\n<p>La s\u00e9l\u00e9nite est parfaitement adapt\u00e9e \u00e0 la nouvelle vibration terrestre. Elle peut servir \u00e0 former un r\u00e9seau protecteur autour d\u2019une maison cr\u00e9ant un espace tranquille et prot\u00e9g\u00e9 des interf\u00e9rences ext\u00e9rieures.<\/p>\n","protected":false},"excerpt":{"rendered":"<p>La s\u00e9l\u00e9nite acc\u00e9l\u00e8re la gu\u00e9rison physique en r\u00e9g\u00e9n\u00e9rant les cellules du corps. Elle peut m\u00eame faire dispara\u00eetre d\u2019anciennes cicatrices. La s\u00e9l\u00e9nite aide aussi \u00e0 replacer le corps \u00e9nerg\u00e9tique suite \u00e0 un choc \u00e9motionnel ou physique. C&#8217;est une excellente pierre pour accompagner la convalescence.<\/p>\n","protected":false},"featured_media":109854,"template":"","meta":{"_acf_changed":false,"wds_primary_classe-produit":0,"wds_primary_categories-produits":0,"wds_primary_thematique":0,"wds_primary_product_brand":0,"wds_primary_product_cat":0},"classe-produit":[389,440],"categories-produits":[],"thematique":[872,816,810,820,531],"product_brand":[],"class_list":{"0":"post-53373","1":"product","2":"type-product","3":"status-publish","4":"has-post-thumbnail","6":"classe-produit-harmonization-tools","7":"classe-produit-stones","8":"thematique-crystals-semi-precious-stones","9":"thematique-feng-shui-geobiology","10":"thematique-harmonisation","11":"thematique-healing-harmonization-tools","12":"thematique-natures-realm","14":"first","15":"outofstock","16":"taxable","17":"shipping-taxable","18":"product-type-simple"},"acf":{"modele_type":"blog","modele_email":"single","acf-general_shortdesc":"La s\u00e9l\u00e9nite acc\u00e9l\u00e8re la gu\u00e9rison physique en r\u00e9g\u00e9n\u00e9rant les cellules du corps. Elle peut m\u00eame faire dispara\u00eetre d\u2019anciennes cicatrices. La s\u00e9l\u00e9nite aide aussi \u00e0 replacer le corps \u00e9nerg\u00e9tique suite \u00e0 un choc \u00e9motionnel ou physique. C\u2019est une excellente pierre pour accompagner la convalescence.","modele_single":{"lead_magnet":"","lead_click":"","post_hasvideo":"no","video_associee":{"post_video":"","description_video":"","thumb_video":null}},"modele_default":{"desc":"","lead_click":"Clique ici pour plus d'information"},"modele_hook":{"image_height":null,"lead_magnet":"","key_phase":"","desc":"","lead_click":"Clique ici pour plus d'information"},"modele_bullets":{"image_height":null,"bullets":null,"lead_click":"Clique ici pour plus d'information"}},"_links":{"self":[{"href":"https:\/\/www.lessence-ciel.com\/en\/wp-json\/wp\/v2\/product\/53373","targetHints":{"allow":["GET"]}}],"collection":[{"href":"https:\/\/www.lessence-ciel.com\/en\/wp-json\/wp\/v2\/product"}],"about":[{"href":"https:\/\/www.lessence-ciel.com\/en\/wp-json\/wp\/v2\/types\/product"}],"wp:featuredmedia":[{"embeddable":true,"href":"https:\/\/www.lessence-ciel.com\/en\/wp-json\/wp\/v2\/media\/109854"}],"wp:attachment":[{"href":"https:\/\/www.lessence-ciel.com\/en\/wp-json\/wp\/v2\/media?parent=53373"}],"wp:term":[{"taxonomy":"classe-produit","embeddable":true,"href":"https:\/\/www.lessence-ciel.com\/en\/wp-json\/wp\/v2\/classe-produit?post=53373"},{"taxonomy":"categories-produits","embeddable":true,"href":"https:\/\/www.lessence-ciel.com\/en\/wp-json\/wp\/v2\/categories-produits?post=53373"},{"taxonomy":"thematique","embeddable":true,"href":"https:\/\/www.lessence-ciel.com\/en\/wp-json\/wp\/v2\/thematique?post=53373"},{"taxonomy":"product_brand","embeddable":true,"href":"https:\/\/www.lessence-ciel.com\/en\/wp-json\/wp\/v2\/product_brand?post=53373"}],"curies":[{"name":"wp","href":"https:\/\/api.w.org\/{rel}","templated":true}]}}