{"id":53393,"date":"2015-02-23T00:40:34","date_gmt":"2015-02-23T05:40:34","guid":{"rendered":"https:\/\/www.lessence-ciel.com\/products-store\/pyramides-a-souhait\/"},"modified":"2019-05-05T13:56:32","modified_gmt":"2019-05-05T17:56:32","slug":"pyramides-a-souhait","status":"publish","type":"product","link":"https:\/\/www.lessence-ciel.com\/en\/products-store\/pyramides-a-souhait\/","title":{"rendered":"Wish Pyramids"},"content":{"rendered":"\n<p>Exp\u00e9rimentez avec l\u2019amplificateur de vie! Les cristaux, l\u2019eau, les semences, les fruits, les huiles peuvent \u00eatre \u00e9nergis\u00e9s dans une pyramide.C\u2019est une fa\u00e7on d\u2019acccroitre la vitalit\u00e9 des objets qu\u2019on y ins\u00e8re. Il est m\u00eame possible d\u2019y amplifier la puissance d\u2019une pri\u00e8re ou d\u2019une pens\u00e9e. <\/p>\n\n\n\n<p>De plus, il est possible de choisir une pyramide de la couleur du chakra que vous d\u00e9sirez supporter et d\u00e9velopper. Par exemple, le rouge pour la manifestation, l&#8217;orange pour la cr\u00e9ativit\u00e9 et l\u2019intuition, le jaune pour l\u2019\u00e9quilibre \u00e9motionnel, le vert pour la gu\u00e9rison et la lib\u00e9ration des peurs, le bleu ciel pour la communication et les protections, le bleu indigo pour le d\u00e9veloppement psychique et violet pour la connexion avec les anges et le d\u00e9veloppement spirituelle. <\/p>\n\n\n\n<p> Les pyramides sont disponibles en format 2 pouces ou 4 pouces. <\/p>\n\n\n\n<div class=\"wp-block-columns has-3-columns is-layout-flex wp-container-core-columns-is-layout-9d6595d7 wp-block-columns-is-layout-flex\">\n<div class=\"wp-block-column is-layout-flow wp-block-column-is-layout-flow\">\n<figure class=\"wp-block-image\"><img loading=\"lazy\" decoding=\"async\" width=\"200\" height=\"167\" src=\"https:\/\/www.lessence-ciel.com\/wp-content\/uploads\/2014\/11\/pyramide-a-fruits.png\" alt=\"\" class=\"wp-image-35873\"\/><\/figure>\n\n\n\n<figure class=\"wp-block-image\"><img loading=\"lazy\" decoding=\"async\" width=\"300\" height=\"300\" src=\"https:\/\/www.lessence-ciel.com\/wp-content\/uploads\/2014\/06\/pyramide-boudha.png\" alt=\"\" class=\"wp-image-35987\" srcset=\"https:\/\/www.lessence-ciel.com\/web-data\/uploads\/2014\/06\/pyramide-boudha.png 300w, https:\/\/www.lessence-ciel.com\/web-data\/uploads\/2014\/06\/pyramide-boudha-200x200.png 200w\" sizes=\"auto, (max-width: 300px) 100vw, 300px\" \/><\/figure>\n<\/div>\n\n\n\n<div class=\"wp-block-column is-layout-flow wp-block-column-is-layout-flow\">\n<figure class=\"wp-block-image\"><img loading=\"lazy\" decoding=\"async\" width=\"300\" height=\"300\" src=\"https:\/\/www.lessence-ciel.com\/wp-content\/uploads\/2014\/06\/pyramide-verta.png\" alt=\"\" class=\"wp-image-35957\" srcset=\"https:\/\/www.lessence-ciel.com\/web-data\/uploads\/2014\/06\/pyramide-verta.png 300w, https:\/\/www.lessence-ciel.com\/web-data\/uploads\/2014\/06\/pyramide-verta-200x200.png 200w\" sizes=\"auto, (max-width: 300px) 100vw, 300px\" \/><\/figure>\n\n\n\n<figure class=\"wp-block-image\"><img loading=\"lazy\" decoding=\"async\" width=\"300\" height=\"300\" src=\"https:\/\/www.lessence-ciel.com\/wp-content\/uploads\/2014\/06\/pyramide-dragon.png\" alt=\"\" class=\"wp-image-35998\" srcset=\"https:\/\/www.lessence-ciel.com\/web-data\/uploads\/2014\/06\/pyramide-dragon.png 300w, https:\/\/www.lessence-ciel.com\/web-data\/uploads\/2014\/06\/pyramide-dragon-200x200.png 200w\" sizes=\"auto, (max-width: 300px) 100vw, 300px\" \/><\/figure>\n<\/div>\n\n\n\n<div class=\"wp-block-column is-layout-flow wp-block-column-is-layout-flow\">\n<figure class=\"wp-block-image\"><img loading=\"lazy\" decoding=\"async\" width=\"300\" height=\"300\" src=\"https:\/\/www.lessence-ciel.com\/wp-content\/uploads\/2014\/06\/pyramide-rouge.png\" alt=\"\" class=\"wp-image-35948\" srcset=\"https:\/\/www.lessence-ciel.com\/web-data\/uploads\/2014\/06\/pyramide-rouge.png 300w, https:\/\/www.lessence-ciel.com\/web-data\/uploads\/2014\/06\/pyramide-rouge-200x200.png 200w\" sizes=\"auto, (max-width: 300px) 100vw, 300px\" \/><\/figure>\n\n\n\n<figure class=\"wp-block-image\"><img loading=\"lazy\" decoding=\"async\" width=\"300\" height=\"300\" src=\"https:\/\/www.lessence-ciel.com\/wp-content\/uploads\/2014\/06\/pyramide-contre-mauvais-oeil.png\" alt=\"\" class=\"wp-image-35975\" srcset=\"https:\/\/www.lessence-ciel.com\/web-data\/uploads\/2014\/06\/pyramide-contre-mauvais-oeil.png 300w, https:\/\/www.lessence-ciel.com\/web-data\/uploads\/2014\/06\/pyramide-contre-mauvais-oeil-200x200.png 200w\" sizes=\"auto, (max-width: 300px) 100vw, 300px\" \/><\/figure>\n<\/div>\n<\/div>\n\n\n\n<p style=\"text-align:center\"><a href=\"https:\/\/www.lessence-ciel.com\/enseignement\/la-grande-pyramide-a-souhaits\/ \">D\u00e9couvre le cadeau de la pyramide ici!<\/a><br \/>Tu n\u2019as pas encore ta pyramide \u00e0 la maison?<br \/>Tu peux envoyer tes souhaits dans l\u2019univers en utilisant notre <a href=\"https:\/\/www.lessence-ciel.com\/theme\/jardin-de-l-ame\/jeu-de-la-pyramide-a-souhaits\">jeu de la pyramide ici!<\/a><\/p>\n","protected":false},"excerpt":{"rendered":"<p>Exp\u00e9rimentez avec l\u2019amplificateur de vie! Les cristaux, l\u2019eau, les semences, les fruits, les huiles peuvent \u00eatre \u00e9nergis\u00e9s dans une pyramide.C\u2019est une fa\u00e7on d\u2019acccroitre la vitalit\u00e9 des objets qu\u2019on y ins\u00e8re. Il est m\u00eame possible d\u2019y amplifier la puissance d\u2019une pri\u00e8re ou d\u2019une pens\u00e9e. De plus, il est possible de choisir [&hellip;]<\/p>\n","protected":false},"featured_media":64745,"template":"","meta":{"_acf_changed":false,"wds_primary_classe-produit":0,"wds_primary_categories-produits":0,"wds_primary_thematique":0,"wds_primary_product_brand":0,"wds_primary_product_cat":0},"classe-produit":[461],"categories-produits":[],"thematique":[714,524,708],"product_brand":[],"class_list":{"0":"post-53393","1":"product","2":"type-product","3":"status-publish","4":"has-post-thumbnail","6":"classe-produit-ceremony-ritual-supplies","7":"thematique-pyramids","8":"thematique-souls-garden","9":"thematique-wish-pyramid","11":"first","12":"instock","13":"taxable","14":"shipping-taxable","15":"product-type-simple"},"acf":{"modele_type":"blog","modele_email":"single","acf-general_shortdesc":"","modele_single":{"lead_magnet":"","lead_click":"","post_hasvideo":"no","video_associee":{"post_video":"","description_video":"","thumb_video":null}},"modele_default":{"desc":"","lead_click":"Clique ici pour plus d'information"},"modele_hook":{"image_height":null,"lead_magnet":"","key_phase":"","desc":"","lead_click":"Clique ici pour plus d'information"},"modele_bullets":{"image_height":null,"bullets":null,"lead_click":"Clique ici pour plus d'information"}},"_links":{"self":[{"href":"https:\/\/www.lessence-ciel.com\/en\/wp-json\/wp\/v2\/product\/53393","targetHints":{"allow":["GET"]}}],"collection":[{"href":"https:\/\/www.lessence-ciel.com\/en\/wp-json\/wp\/v2\/product"}],"about":[{"href":"https:\/\/www.lessence-ciel.com\/en\/wp-json\/wp\/v2\/types\/product"}],"wp:featuredmedia":[{"embeddable":true,"href":"https:\/\/www.lessence-ciel.com\/en\/wp-json\/wp\/v2\/media\/64745"}],"wp:attachment":[{"href":"https:\/\/www.lessence-ciel.com\/en\/wp-json\/wp\/v2\/media?parent=53393"}],"wp:term":[{"taxonomy":"classe-produit","embeddable":true,"href":"https:\/\/www.lessence-ciel.com\/en\/wp-json\/wp\/v2\/classe-produit?post=53393"},{"taxonomy":"categories-produits","embeddable":true,"href":"https:\/\/www.lessence-ciel.com\/en\/wp-json\/wp\/v2\/categories-produits?post=53393"},{"taxonomy":"thematique","embeddable":true,"href":"https:\/\/www.lessence-ciel.com\/en\/wp-json\/wp\/v2\/thematique?post=53393"},{"taxonomy":"product_brand","embeddable":true,"href":"https:\/\/www.lessence-ciel.com\/en\/wp-json\/wp\/v2\/product_brand?post=53393"}],"curies":[{"name":"wp","href":"https:\/\/api.w.org\/{rel}","templated":true}]}}